{"id":10,"date":"2024-08-29T11:27:31","date_gmt":"2024-08-29T11:27:31","guid":{"rendered":"https:\/\/revolutionsoft.shop\/?page_id=10"},"modified":"2025-11-24T16:13:25","modified_gmt":"2025-11-24T16:13:25","slug":"aviso-legal","status":"publish","type":"page","link":"https:\/\/dbai.es\/en\/aviso-legal\/","title":{"rendered":"Legal Notice"},"content":{"rendered":"<p data-start=\"94\" data-end=\"324\">In compliance with the provisions of Law 34\/2002, of July 11, on Information Society Services and Electronic Commerce (LSSI-CE), the following general information about this website is provided:<\/p>\n<hr data-start=\"326\" data-end=\"329\" \/>\n<h3 data-start=\"331\" data-end=\"366\"><strong data-start=\"334\" data-end=\"366\">1. Website Ownership<\/strong><\/h3>\n<p data-start=\"368\" data-end=\"653\"><strong data-start=\"368\" data-end=\"398\">Holder \/ Full Name:<\/strong> RODRIGO EDGARDO HERNANDEZ JIMENEZ<br data-start=\"432\" data-end=\"435\" \/><strong data-start=\"435\" data-end=\"447\">NIF\/NIGHT:<\/strong> 60282597B<br data-start=\"457\" data-end=\"460\" \/><strong data-start=\"460\" data-end=\"490\">Registered office and business address:<\/strong> CARRER L'ARC DEL TEATRE 18B, 08001, Spain<br data-start=\"533\" data-end=\"536\" \/><strong data-start=\"536\" data-end=\"559\">Email:<\/strong> <a class=\"decorated-link cursor-pointer\" rel=\"noopener\" data-start=\"560\" data-end=\"587\">rodrigo.edgardohj@gmail.com<\/a><br data-start=\"587\" data-end=\"590\" \/><strong data-start=\"590\" data-end=\"603\">Telephone:<\/strong> +34 607 527 287<br data-start=\"619\" data-end=\"622\" \/><strong data-start=\"622\" data-end=\"636\">Website:<\/strong> <a class=\"decorated-link\" href=\"https:\/\/dbai.es\/en\/\" target=\"_new\" rel=\"noopener\" data-start=\"637\" data-end=\"653\">https:\/\/dbai.es\/<\/a><\/p>\n<hr data-start=\"655\" data-end=\"658\" \/>\n<h3 data-start=\"660\" data-end=\"688\"><strong data-start=\"663\" data-end=\"688\">2. Terms of Use<\/strong><\/h3>\n<p data-start=\"690\" data-end=\"922\">Access to and use of this website confers the status of user and implies full and unreserved acceptance of each and every one of the provisions included in this Legal Notice in the version published at the time of access.<\/p>\n<p data-start=\"924\" data-end=\"1124\">The user agrees to make proper use of the website and its contents, not using them for illegal activities, contrary to good faith, public order or these conditions.<\/p>\n<p data-start=\"1126\" data-end=\"1353\"><strong data-start=\"1126\" data-end=\"1163\">RODRIGO EDGARDO HERNANDEZ JIMENEZ<\/strong> The right is reserved to modify, at any time and without prior notice, the presentation, configuration and content of the website, as well as these terms of use.<\/p>\n<hr data-start=\"1355\" data-end=\"1358\" \/>\n<h3 data-start=\"1360\" data-end=\"1404\"><strong data-start=\"1363\" data-end=\"1404\">3. Intellectual and Industrial Property<\/strong><\/h3>\n<p data-start=\"1406\" data-end=\"1861\">All website content\u2014including, but not limited to, text, photographs, graphics, images, icons, technology, software, graphic design, source code, as well as the site itself as a multimedia work\u2014is the intellectual property of <strong data-start=\"1643\" data-end=\"1680\">RODRIGO EDGARDO HERNANDEZ JIMENEZ<\/strong> or third-party licensors, without any exploitation rights being understood as being transferred to the user beyond what is strictly necessary for the correct use of the site.<\/p>\n<p data-start=\"1863\" data-end=\"2069\">Reproduction, distribution, transformation, public communication or any other form of exploitation of the content is prohibited without prior written authorization from the rights holder.<\/p>\n<p data-start=\"2071\" data-end=\"2293\">The trademarks, trade names or distinctive signs that appear on the website are owned by <strong data-start=\"2172\" data-end=\"2209\">RODRIGO EDGARDO HERNANDEZ JIMENEZ<\/strong> or third parties, without access to the site conferring any rights over them.<\/p>\n<hr data-start=\"2295\" data-end=\"2298\" \/>\n<h3 data-start=\"2300\" data-end=\"2340\"><strong data-start=\"2303\" data-end=\"2340\">4. Protection of Personal Data<\/strong><\/h3>\n<p data-start=\"2342\" data-end=\"2591\"><strong data-start=\"2342\" data-end=\"2379\">RODRIGO EDGARDO HERNANDEZ JIMENEZ<\/strong> It complies with the provisions of Regulation (EU) 2016\/679 (GDPR) and Organic Law 3\/2018 (LOPDGDD), guaranteeing lawful, fair and transparent processing of personal data and an adequate level of security.<\/p>\n<p data-start=\"2593\" data-end=\"2878\">When the user provides data through forms or enabled contact means, this data will be processed to respond to requests, inquiries or manage business relationships, based on the consent of the interested party and\/or the execution of pre-contractual or contractual measures.<\/p>\n<p data-start=\"2880\" data-end=\"2999\">The data will be kept for the time necessary to fulfill the purposes and possible legal liabilities.<\/p>\n<p data-start=\"3001\" data-end=\"3353\">The user can exercise their rights of access, rectification, erasure, objection, restriction of processing and portability by writing to <strong data-start=\"3143\" data-end=\"3174\"><a class=\"decorated-link cursor-pointer\" rel=\"noopener\" data-start=\"3145\" data-end=\"3172\">rodrigo.edgardohj@gmail.com<\/a><\/strong>, proving their identity, and indicating the right they wish to exercise.<br data-start=\"3243\" data-end=\"3246\" \/>You also have the right to file a complaint with the Spanish Data Protection Agency (AEPD).<\/p>\n<p data-start=\"3355\" data-end=\"3460\">For more information on data processing, please see the <strong data-start=\"3419\" data-end=\"3445\">Privacy Policy<\/strong> from the website.<\/p>\n<hr data-start=\"3462\" data-end=\"3465\" \/>\n<h3 data-start=\"3467\" data-end=\"3504\"><strong data-start=\"3470\" data-end=\"3504\">5. Linking Policy<\/strong><\/h3>\n<p data-start=\"3506\" data-end=\"3750\">The website may contain links to external third-party pages. <strong data-start=\"3574\" data-end=\"3611\">RODRIGO EDGARDO HERNANDEZ JIMENEZ<\/strong> is not responsible for the content or accuracy of these external pages or the results derived from accessing them.<\/p>\n<p data-start=\"3752\" data-end=\"3858\">The inclusion of links does not imply a relationship, collaboration, or dependence on the owner of the linked site.<\/p>\n<p data-start=\"3860\" data-end=\"4053\">The introduction of links for commercial or illegal purposes, or those that could harm the image or good name of <strong data-start=\"3999\" data-end=\"4036\">RODRIGO EDGARDO HERNANDEZ JIMENEZ<\/strong> or from the website.<\/p>\n<hr data-start=\"4055\" data-end=\"4058\" \/>\n<h3 data-start=\"4060\" data-end=\"4085\"><strong data-start=\"4063\" data-end=\"4085\">6. Responsibility<\/strong><\/h3>\n<p data-start=\"4087\" data-end=\"4260\">The owner does not guarantee the continuous availability of the website and its services, which may be interrupted due to technical, maintenance or other reasons.<\/p>\n<p data-start=\"4262\" data-end=\"4457\"><strong data-start=\"4262\" data-end=\"4299\">RODRIGO EDGARDO HERNANDEZ JIMENEZ<\/strong> will not be liable for damages resulting from interference, interruptions, computer viruses, breakdowns or disconnections caused by reasons beyond the owner's control.<\/p>\n<p data-start=\"4459\" data-end=\"4651\">The user will be liable for any damages that <strong data-start=\"4511\" data-end=\"4548\">RODRIGO EDGARDO HERNANDEZ JIMENEZ<\/strong> may suffer as a consequence of non-compliance with these conditions or improper use of the site.<\/p>\n<hr data-start=\"4653\" data-end=\"4656\" \/>\n<h3 data-start=\"4658\" data-end=\"4742\"><strong data-start=\"4661\" data-end=\"4742\">7. Rules on Comments and User-Submitted Content (if applicable)<\/strong><\/h3>\n<p data-start=\"4744\" data-end=\"4961\">If content publishing areas are enabled, the user agrees that their contributions will not violate current legislation or the rights of third parties (intellectual property, personal data, honor, etc.).<\/p>\n<p data-start=\"4963\" data-end=\"5076\"><strong data-start=\"4963\" data-end=\"5000\">RODRIGO EDGARDO HERNANDEZ JIMENEZ<\/strong> may remove any content that it considers contrary to these rules.<\/p>\n<hr data-start=\"5078\" data-end=\"5081\" \/>\n<h3 data-start=\"5083\" data-end=\"5113\"><strong data-start=\"5086\" data-end=\"5113\">8. Security Measures<\/strong><\/h3>\n<p data-start=\"5115\" data-end=\"5356\">The necessary technical and organizational measures have been adopted to prevent the loss, misuse, alteration, unauthorized access or theft of personal data, taking into account the state of the art, nature and infrastructure of the website.<\/p>\n<hr data-start=\"5358\" data-end=\"5361\" \/>\n<h3 data-start=\"5363\" data-end=\"5380\"><strong data-start=\"5366\" data-end=\"5380\">9. Cookies<\/strong><\/h3>\n<p data-start=\"5382\" data-end=\"5620\">The website may use technical cookies and, where applicable, analytical or personalization cookies.<br data-start=\"5482\" data-end=\"5485\" \/>The user can configure their browser to reject or delete cookies.<br data-start=\"5559\" data-end=\"5562\" \/>For more information, please consult the <strong data-start=\"5596\" data-end=\"5619\">Cookie Policy<\/strong>.<\/p>\n<hr data-start=\"5622\" data-end=\"5625\" \/>\n<h3 data-start=\"5627\" data-end=\"5664\"><strong data-start=\"5630\" data-end=\"5664\">10. Commercial Communications<\/strong><\/h3>\n<p data-start=\"5666\" data-end=\"5928\">Any electronic commercial communication will only be sent with the user's prior consent or when there is a prior contractual relationship, in accordance with the LSSI-CE.<br data-start=\"5845\" data-end=\"5848\" \/>The user may revoke consent or unsubscribe at any time.<\/p>\n<hr data-start=\"5930\" data-end=\"5933\" \/>\n<h3 data-start=\"5935\" data-end=\"5982\"><strong data-start=\"5938\" data-end=\"5982\">11. Applicable Legislation and Jurisdiction<\/strong><\/h3>\n<p data-start=\"5984\" data-end=\"6095\">The relationship between <strong data-start=\"6002\" data-end=\"6039\">RODRIGO EDGARDO HERNANDEZ JIMENEZ<\/strong> and the user is governed by current Spanish regulations.<\/p>\n<p data-start=\"6097\" data-end=\"6268\">Unless otherwise required by law, both parties agree to the <strong data-start=\"6160\" data-end=\"6198\">Courts and Tribunals of Barcelona<\/strong>, being the domicile of the holder, waiving any other jurisdiction.<\/p>\n<hr data-start=\"6270\" data-end=\"6273\" \/>\n<h3 data-start=\"6275\" data-end=\"6290\"><strong data-start=\"6278\" data-end=\"6290\">Contact<\/strong><\/h3>\n<p data-start=\"6292\" data-end=\"6407\">For any questions related to this Legal Notice:<br data-start=\"6345\" data-end=\"6348\" \/>\ud83d\udce7 <strong data-start=\"6351\" data-end=\"6382\"><a class=\"decorated-link cursor-pointer\" rel=\"noopener\" data-start=\"6353\" data-end=\"6380\">rodrigo.edgardohj@gmail.com<\/a><\/strong><br data-start=\"6382\" data-end=\"6385\" \/>\ud83d\udcde <strong data-start=\"6388\" data-end=\"6407\">+34 607 527 287<\/strong><\/p>","protected":false},"excerpt":{"rendered":"<p>En cumplimiento de lo dispuesto en la Ley 34\/2002, de 11 de julio, de Servicios de la Sociedad de la Informaci\u00f3n y de Comercio Electr\u00f3nico (LSSI-CE), se facilitan los siguientes datos de informaci\u00f3n general del presente sitio web: 1. Titularidad del Sitio Web Titular \/ Nombre completo: RODRIGO EDGARDO HERNANDEZ JIMENEZNIF\/NIT: 60282597BDomicilio fiscal y social:&hellip;&nbsp;<\/p>","protected":false},"author":1,"featured_media":0,"parent":0,"menu_order":0,"comment_status":"closed","ping_status":"closed","template":"","meta":{"neve_meta_sidebar":"","neve_meta_container":"","neve_meta_enable_content_width":"off","neve_meta_content_width":100,"neve_meta_title_alignment":"","neve_meta_author_avatar":"","neve_post_elements_order":"","neve_meta_disable_header":"","neve_meta_disable_footer":"","neve_meta_disable_title":"","_joinchat":[],"footnotes":""},"class_list":["post-10","page","type-page","status-publish","hentry"],"yoast_head":"<!-- This site is optimized with the Yoast SEO plugin v27.4 - https:\/\/yoast.com\/product\/yoast-seo-wordpress\/ -->\n<title>Aviso Legal - DBAI | Business Intelligence e Inteligencia Artificial para la Transformaci\u00f3n de Datos<\/title>\n<meta name=\"robots\" content=\"index, follow, max-snippet:-1, max-image-preview:large, max-video-preview:-1\" \/>\n<link rel=\"canonical\" href=\"https:\/\/dbai.es\/en\/aviso-legal\/\" \/>\n<meta property=\"og:locale\" content=\"en_GB\" \/>\n<meta property=\"og:type\" content=\"article\" \/>\n<meta property=\"og:title\" content=\"Aviso Legal - DBAI | Business Intelligence e Inteligencia Artificial para la Transformaci\u00f3n de Datos\" \/>\n<meta property=\"og:description\" content=\"En cumplimiento de lo dispuesto en la Ley 34\/2002, de 11 de julio, de Servicios de la Sociedad de la Informaci\u00f3n y de Comercio Electr\u00f3nico (LSSI-CE), se facilitan los siguientes datos de informaci\u00f3n general del presente sitio web: 1. Titularidad del Sitio Web Titular \/ Nombre completo: RODRIGO EDGARDO HERNANDEZ JIMENEZNIF\/NIT: 60282597BDomicilio fiscal y social:&hellip;&nbsp;\" \/>\n<meta property=\"og:url\" content=\"https:\/\/dbai.es\/en\/aviso-legal\/\" \/>\n<meta property=\"og:site_name\" content=\"DBAI | Business Intelligence e Inteligencia Artificial para la Transformaci\u00f3n de Datos\" \/>\n<meta property=\"article:modified_time\" content=\"2025-11-24T16:13:25+00:00\" \/>\n<meta name=\"twitter:card\" content=\"summary_large_image\" \/>\n<meta name=\"twitter:label1\" content=\"Estimated reading time\" \/>\n\t<meta name=\"twitter:data1\" content=\"5 minutes\" \/>\n<script type=\"application\/ld+json\" class=\"yoast-schema-graph\">{\"@context\":\"https:\\\/\\\/schema.org\",\"@graph\":[{\"@type\":\"WebPage\",\"@id\":\"https:\\\/\\\/dbai.es\\\/aviso-legal\\\/\",\"url\":\"https:\\\/\\\/dbai.es\\\/aviso-legal\\\/\",\"name\":\"Aviso Legal - DBAI | Business Intelligence e Inteligencia Artificial para la Transformaci\u00f3n de Datos\",\"isPartOf\":{\"@id\":\"https:\\\/\\\/dbai.es\\\/#website\"},\"datePublished\":\"2024-08-29T11:27:31+00:00\",\"dateModified\":\"2025-11-24T16:13:25+00:00\",\"breadcrumb\":{\"@id\":\"https:\\\/\\\/dbai.es\\\/aviso-legal\\\/#breadcrumb\"},\"inLanguage\":\"en-GB\",\"potentialAction\":[{\"@type\":\"ReadAction\",\"target\":[\"https:\\\/\\\/dbai.es\\\/aviso-legal\\\/\"]}]},{\"@type\":\"BreadcrumbList\",\"@id\":\"https:\\\/\\\/dbai.es\\\/aviso-legal\\\/#breadcrumb\",\"itemListElement\":[{\"@type\":\"ListItem\",\"position\":1,\"name\":\"Portada\",\"item\":\"https:\\\/\\\/dbai.es\\\/\"},{\"@type\":\"ListItem\",\"position\":2,\"name\":\"Aviso Legal\"}]},{\"@type\":\"WebSite\",\"@id\":\"https:\\\/\\\/dbai.es\\\/#website\",\"url\":\"https:\\\/\\\/dbai.es\\\/\",\"name\":\"DBAI | Business Intelligence e Inteligencia Artificial para la Transformaci\u00f3n de Datos\",\"description\":\"En DBAI ayudamos a las empresas a convertir sus datos en decisiones estrat\u00e9gicas. Ofrecemos soluciones de BI, anal\u00edtica avanzada, modelos predictivos y aplicaciones de IA que optimizan la eficiencia y generan ventajas competitivas sostenibles.\",\"potentialAction\":[{\"@type\":\"SearchAction\",\"target\":{\"@type\":\"EntryPoint\",\"urlTemplate\":\"https:\\\/\\\/dbai.es\\\/?s={search_term_string}\"},\"query-input\":{\"@type\":\"PropertyValueSpecification\",\"valueRequired\":true,\"valueName\":\"search_term_string\"}}],\"inLanguage\":\"en-GB\"}]}<\/script>\n<!-- \/ Yoast SEO plugin. -->","yoast_head_json":{"title":"Aviso Legal - DBAI | Business Intelligence e Inteligencia Artificial para la Transformaci\u00f3n de Datos","robots":{"index":"index","follow":"follow","max-snippet":"max-snippet:-1","max-image-preview":"max-image-preview:large","max-video-preview":"max-video-preview:-1"},"canonical":"https:\/\/dbai.es\/en\/aviso-legal\/","og_locale":"en_GB","og_type":"article","og_title":"Aviso Legal - DBAI | Business Intelligence e Inteligencia Artificial para la Transformaci\u00f3n de Datos","og_description":"En cumplimiento de lo dispuesto en la Ley 34\/2002, de 11 de julio, de Servicios de la Sociedad de la Informaci\u00f3n y de Comercio Electr\u00f3nico (LSSI-CE), se facilitan los siguientes datos de informaci\u00f3n general del presente sitio web: 1. Titularidad del Sitio Web Titular \/ Nombre completo: RODRIGO EDGARDO HERNANDEZ JIMENEZNIF\/NIT: 60282597BDomicilio fiscal y social:&hellip;&nbsp;","og_url":"https:\/\/dbai.es\/en\/aviso-legal\/","og_site_name":"DBAI | Business Intelligence e Inteligencia Artificial para la Transformaci\u00f3n de Datos","article_modified_time":"2025-11-24T16:13:25+00:00","twitter_card":"summary_large_image","twitter_misc":{"Estimated reading time":"5 minutes"},"schema":{"@context":"https:\/\/schema.org","@graph":[{"@type":"WebPage","@id":"https:\/\/dbai.es\/aviso-legal\/","url":"https:\/\/dbai.es\/aviso-legal\/","name":"Aviso Legal - DBAI | Business Intelligence e Inteligencia Artificial para la Transformaci\u00f3n de Datos","isPartOf":{"@id":"https:\/\/dbai.es\/#website"},"datePublished":"2024-08-29T11:27:31+00:00","dateModified":"2025-11-24T16:13:25+00:00","breadcrumb":{"@id":"https:\/\/dbai.es\/aviso-legal\/#breadcrumb"},"inLanguage":"en-GB","potentialAction":[{"@type":"ReadAction","target":["https:\/\/dbai.es\/aviso-legal\/"]}]},{"@type":"BreadcrumbList","@id":"https:\/\/dbai.es\/aviso-legal\/#breadcrumb","itemListElement":[{"@type":"ListItem","position":1,"name":"Portada","item":"https:\/\/dbai.es\/"},{"@type":"ListItem","position":2,"name":"Aviso Legal"}]},{"@type":"WebSite","@id":"https:\/\/dbai.es\/#website","url":"https:\/\/dbai.es\/","name":"DBAI | Business Intelligence e Inteligencia Artificial para la Transformaci\u00f3n de Datos","description":"En DBAI ayudamos a las empresas a convertir sus datos en decisiones estrat\u00e9gicas. Ofrecemos soluciones de BI, anal\u00edtica avanzada, modelos predictivos y aplicaciones de IA que optimizan la eficiencia y generan ventajas competitivas sostenibles.","potentialAction":[{"@type":"SearchAction","target":{"@type":"EntryPoint","urlTemplate":"https:\/\/dbai.es\/?s={search_term_string}"},"query-input":{"@type":"PropertyValueSpecification","valueRequired":true,"valueName":"search_term_string"}}],"inLanguage":"en-GB"}]}},"_links":{"self":[{"href":"https:\/\/dbai.es\/en\/wp-json\/wp\/v2\/pages\/10","targetHints":{"allow":["GET"]}}],"collection":[{"href":"https:\/\/dbai.es\/en\/wp-json\/wp\/v2\/pages"}],"about":[{"href":"https:\/\/dbai.es\/en\/wp-json\/wp\/v2\/types\/page"}],"author":[{"embeddable":true,"href":"https:\/\/dbai.es\/en\/wp-json\/wp\/v2\/users\/1"}],"replies":[{"embeddable":true,"href":"https:\/\/dbai.es\/en\/wp-json\/wp\/v2\/comments?post=10"}],"version-history":[{"count":5,"href":"https:\/\/dbai.es\/en\/wp-json\/wp\/v2\/pages\/10\/revisions"}],"predecessor-version":[{"id":370,"href":"https:\/\/dbai.es\/en\/wp-json\/wp\/v2\/pages\/10\/revisions\/370"}],"wp:attachment":[{"href":"https:\/\/dbai.es\/en\/wp-json\/wp\/v2\/media?parent=10"}],"curies":[{"name":"wp","href":"https:\/\/api.w.org\/{rel}","templated":true}]}}