{"id":12,"date":"2024-08-29T11:28:24","date_gmt":"2024-08-29T11:28:24","guid":{"rendered":"https:\/\/revolutionsoft.shop\/?page_id=12"},"modified":"2025-11-24T16:14:14","modified_gmt":"2025-11-24T16:14:14","slug":"politica-de-cookies","status":"publish","type":"page","link":"https:\/\/dbai.es\/en\/politica-de-cookies\/","title":{"rendered":"Cookie Policy"},"content":{"rendered":"<p data-start=\"103\" data-end=\"408\">On the website <strong data-start=\"119\" data-end=\"139\"><a class=\"decorated-link\" href=\"https:\/\/dbai.es\/en\/\" target=\"_new\" rel=\"noopener\" data-start=\"121\" data-end=\"137\">https:\/\/dbai.es\/<\/a><\/strong> (hereinafter, the \u201cWebsite\u201d) We use cookies to improve the user experience, facilitate navigation, and optimize the Website's performance. Below, we explain what cookies are, what types we use, and how you can manage them.<\/p>\n<hr data-start=\"410\" data-end=\"413\" \/>\n<h3 data-start=\"415\" data-end=\"443\"><strong data-start=\"418\" data-end=\"443\">What are cookies?<\/strong><\/h3>\n<p data-start=\"445\" data-end=\"756\">Cookies are small text files that are stored on your device (computer, smartphone, tablet, etc.) when you visit certain websites. They allow the website to remember information about your visit, such as your preferred language, products added to your cart, or your browsing preferences.<\/p>\n<hr data-start=\"758\" data-end=\"761\" \/>\n<h3 data-start=\"763\" data-end=\"795\"><strong data-start=\"766\" data-end=\"795\">Who is responsible?<\/strong><\/h3>\n<p data-start=\"797\" data-end=\"974\"><strong data-start=\"797\" data-end=\"834\">RODRIGO EDGARDO HERNANDEZ JIMENEZ<\/strong><br data-start=\"834\" data-end=\"837\" \/><strong data-start=\"837\" data-end=\"849\">NIF\/NIGHT:<\/strong> 60282597B<br data-start=\"859\" data-end=\"862\" \/><strong data-start=\"862\" data-end=\"876\">Address:<\/strong> CARRER L'ARC DEL TEATRE 18B, 08001, Spain<br data-start=\"919\" data-end=\"922\" \/><strong data-start=\"922\" data-end=\"944\">Contact email:<\/strong> <a class=\"decorated-link cursor-pointer\" rel=\"noopener\" data-start=\"945\" data-end=\"972\">rodrigo.edgardohj@gmail.com<\/a><\/p>\n<hr data-start=\"976\" data-end=\"979\" \/>\n<h3 data-start=\"981\" data-end=\"1019\"><strong data-start=\"984\" data-end=\"1019\">Types of cookies we use<\/strong><\/h3>\n<h3 data-start=\"1021\" data-end=\"1071\"><strong data-start=\"1025\" data-end=\"1069\">Technical or necessary cookies (first-party):<\/strong><\/h3>\n<p data-start=\"1072\" data-end=\"1306\">These cookies are essential for the basic operation of the Website and to provide services you have requested (e.g., login, checkout process, security). Without these cookies, the site cannot function properly.<\/p>\n<h3 data-start=\"1308\" data-end=\"1384\"><strong data-start=\"1312\" data-end=\"1382\">Preference or personalization cookies (first-party or third-party):<\/strong><\/h3>\n<p data-start=\"1385\" data-end=\"1502\">They remember your choices (language, region, interface preferences) to offer you a more personalized experience.<\/p>\n<h3 data-start=\"1504\" data-end=\"1559\"><strong data-start=\"1508\" data-end=\"1557\">Analytics or performance cookies (third parties):<\/strong><\/h3>\n<p data-start=\"1560\" data-end=\"1746\">They collect anonymous or aggregated information about how users interact with the Website (most visited pages, time spent, clicks).<br data-start=\"1717\" data-end=\"1720\" \/>Example: Google Analytics.<\/p>\n<h3 data-start=\"1748\" data-end=\"1803\"><strong data-start=\"1752\" data-end=\"1801\">Advertising or marketing cookies (third parties):<\/strong><\/h3>\n<p data-start=\"1804\" data-end=\"2028\">They are used to show relevant ads based on your interests, limit the frequency of ads, and measure their effectiveness.<br data-start=\"1928\" data-end=\"1931\" \/>Examples: Google Ads, Meta Ads.<br data-start=\"1962\" data-end=\"1965\" \/><em data-start=\"1965\" data-end=\"2028\">These cookies will only be installed if you expressly accept them.<\/em><\/p>\n<h3 data-start=\"2030\" data-end=\"2085\"><strong data-start=\"2034\" data-end=\"2083\">Third-party cookies (external integrations):<\/strong><\/h3>\n<p data-start=\"2086\" data-end=\"2278\">The Website may integrate third-party services (analytics, mapping, media players, social networks, etc.). These cookies are managed by those third parties and are subject to their own policies.<\/p>\n<hr data-start=\"2280\" data-end=\"2283\" \/>\n<h3 data-start=\"2285\" data-end=\"2327\"><strong data-start=\"2288\" data-end=\"2327\">How is your consent obtained?<\/strong><\/h3>\n<p data-start=\"2329\" data-end=\"2468\">When you access the Website for the first time, a banner will appear that will allow you to <strong data-start=\"2407\" data-end=\"2441\">accept, reject or configure<\/strong> non-essential cookies.<\/p>\n<p data-start=\"2470\" data-end=\"2670\">You can modify or withdraw your consent at any time via the link <strong data-start=\"2555\" data-end=\"2604\">\u201cConfigure cookies \/ Review consent\u201d<\/strong> (Include the link to your banner settings panel here).<\/p>\n<hr data-start=\"2672\" data-end=\"2675\" \/>\n<h3 data-start=\"2677\" data-end=\"2741\"><strong data-start=\"2680\" data-end=\"2741\">How to manage or disable cookies in your browser?<\/strong><\/h3>\n<p data-start=\"2743\" data-end=\"2845\">You can allow, block, or delete cookies through your browser settings. Help links:<\/p>\n<ul data-start=\"2847\" data-end=\"3279\">\n<li data-start=\"2847\" data-end=\"2922\">\n<p data-start=\"2849\" data-end=\"2922\"><strong data-start=\"2849\" data-end=\"2867\">Google Chrome:<\/strong> <a class=\"decorated-link\" href=\"https:\/\/support.google.com\/chrome\/answer\/95647?hl=es\" target=\"_new\" rel=\"noopener\" data-start=\"2868\" data-end=\"2920\">https:\/\/support.google.com\/chrome\/answer\/95647?hl=es<\/a><\/p>\n<\/li>\n<li data-start=\"2923\" data-end=\"3047\">\n<p data-start=\"2925\" data-end=\"3047\"><strong data-start=\"2925\" data-end=\"2945\">Mozilla Firefox:<\/strong> <a class=\"decorated-link\" href=\"https:\/\/support.mozilla.org\/es\/kb\/habilitar-y-deshabilitar-cookies-sitios-web-rastrear-preferencias\" target=\"_new\" rel=\"noopener\" data-start=\"2946\" data-end=\"3045\">https:\/\/support.mozilla.org\/es\/kb\/habilitar-y-deshabilitar-cookies-sitios-web-rastrear-preferencias<\/a><\/p>\n<\/li>\n<li data-start=\"3048\" data-end=\"3130\">\n<p data-start=\"3050\" data-end=\"3130\"><strong data-start=\"3050\" data-end=\"3069\">Safari (macOS):<\/strong> <a class=\"decorated-link\" href=\"https:\/\/support.apple.com\/es-es\/guide\/safari\/sfri11471\/mac\" target=\"_new\" rel=\"noopener\" data-start=\"3070\" data-end=\"3128\">https:\/\/support.apple.com\/es-es\/guide\/safari\/sfri11471\/mac<\/a><\/p>\n<\/li>\n<li data-start=\"3131\" data-end=\"3279\">\n<p data-start=\"3133\" data-end=\"3279\"><strong data-start=\"3133\" data-end=\"3152\">Microsoft Edge:<\/strong> <a class=\"decorated-link\" href=\"https:\/\/support.microsoft.com\/es-es\/microsoft-edge\/borrar-las-cookies-en-microsoft-edge-63947406-40ac-c3b8-57b9-2a946a29ae09\" target=\"_new\" rel=\"noopener\" data-start=\"3153\" data-end=\"3277\">https:\/\/support.microsoft.com\/es-es\/microsoft-edge\/borrar-las-cookies-en-microsoft-edge-63947406-40ac-c3b8-57b9-2a946a29ae09<\/a><\/p>\n<\/li>\n<\/ul>\n<p data-start=\"3281\" data-end=\"3354\">Desactivar Google Analytics:<br data-start=\"3309\" data-end=\"3312\" \/><a class=\"decorated-link\" href=\"https:\/\/tools.google.com\/dlpage\/gaoptout\" target=\"_new\" rel=\"noopener\" data-start=\"3312\" data-end=\"3352\">https:\/\/tools.google.com\/dlpage\/gaoptout<\/a><\/p>\n<p data-start=\"3356\" data-end=\"3456\">If you disable some cookies, certain features of the Website may not function properly.<\/p>\n<hr data-start=\"3458\" data-end=\"3461\" \/>\n<h3 data-start=\"3463\" data-end=\"3506\"><strong data-start=\"3466\" data-end=\"3506\">Cookies used on this Website<\/strong><\/h3>\n<div class=\"_tableContainer_1rjym_1\">\n<div class=\"group _tableWrapper_1rjym_13 flex w-fit flex-col-reverse\" tabindex=\"-1\">\n<table class=\"w-fit min-w-(--thread-content-width)\" data-start=\"3564\" data-end=\"4370\">\n<thead data-start=\"3564\" data-end=\"3629\">\n<tr data-start=\"3564\" data-end=\"3629\">\n<th data-start=\"3564\" data-end=\"3586\" data-col-size=\"sm\">Cookie name<\/th>\n<th data-start=\"3586\" data-end=\"3598\" data-col-size=\"sm\">Supplier<\/th>\n<th data-start=\"3598\" data-end=\"3610\" data-col-size=\"md\">Purpose<\/th>\n<th data-start=\"3610\" data-end=\"3617\" data-col-size=\"sm\">Type<\/th>\n<th data-start=\"3617\" data-end=\"3629\" data-col-size=\"sm\">Duration<\/th>\n<\/tr>\n<\/thead>\n<tbody data-start=\"3695\" data-end=\"4370\">\n<tr data-start=\"3695\" data-end=\"3801\">\n<td data-start=\"3695\" data-end=\"3711\" data-col-size=\"sm\">CookieConsent<\/td>\n<td data-col-size=\"sm\" data-start=\"3711\" data-end=\"3730\">Own (dbai.es)<\/td>\n<td data-col-size=\"md\" data-start=\"3730\" data-end=\"3782\">Stores the user's cookie consent<\/td>\n<td data-col-size=\"sm\" data-start=\"3782\" data-end=\"3792\">Technique<\/td>\n<td data-col-size=\"sm\" data-start=\"3792\" data-end=\"3801\">1 year<\/td>\n<\/tr>\n<tr data-start=\"3802\" data-end=\"3904\">\n<td data-start=\"3802\" data-end=\"3809\" data-col-size=\"sm\">_to<\/td>\n<td data-col-size=\"sm\" data-start=\"3809\" data-end=\"3828\">Google Analytics<\/td>\n<td data-col-size=\"md\" data-start=\"3828\" data-end=\"3883\">Distinguishes users (anonymous ID). Site usage<\/td>\n<td data-col-size=\"sm\" data-start=\"3883\" data-end=\"3894\">Analysis<\/td>\n<td data-col-size=\"sm\" data-start=\"3894\" data-end=\"3904\">2 years<\/td>\n<\/tr>\n<tr data-start=\"3905\" data-end=\"3994\">\n<td data-start=\"3905\" data-end=\"3911\" data-col-size=\"sm\">see*<\/td>\n<td data-col-size=\"sm\" data-start=\"3911\" data-end=\"3930\">Google Analytics<\/td>\n<td data-col-size=\"md\" data-start=\"3930\" data-end=\"3973\">Maintains the session state for GA4<\/td>\n<td data-col-size=\"sm\" data-start=\"3973\" data-end=\"3984\">Analysis<\/td>\n<td data-col-size=\"sm\" data-start=\"3984\" data-end=\"3994\">2 years<\/td>\n<\/tr>\n<tr data-start=\"3995\" data-end=\"4078\">\n<td data-start=\"3995\" data-end=\"4003\" data-col-size=\"sm\">_gid<\/td>\n<td data-col-size=\"sm\" data-start=\"4003\" data-end=\"4022\">Google Analytics<\/td>\n<td data-col-size=\"md\" data-start=\"4022\" data-end=\"4055\">Distinguishes users in sessions<\/td>\n<td data-col-size=\"sm\" data-start=\"4055\" data-end=\"4066\">Analysis<\/td>\n<td data-col-size=\"sm\" data-start=\"4066\" data-end=\"4078\">24 hours<\/td>\n<\/tr>\n<tr data-start=\"4079\" data-end=\"4174\">\n<td data-start=\"4079\" data-end=\"4094\" data-col-size=\"sm\">_neck neck*<\/td>\n<td data-col-size=\"sm\" data-start=\"4094\" data-end=\"4113\">Google Analytics<\/td>\n<td data-col-size=\"md\" data-start=\"4113\" data-end=\"4151\">Limit the percentage of applications<\/td>\n<td data-col-size=\"sm\" data-start=\"4151\" data-end=\"4162\">Analysis<\/td>\n<td data-col-size=\"sm\" data-start=\"4162\" data-end=\"4174\">1 minute<\/td>\n<\/tr>\n<tr data-start=\"4175\" data-end=\"4267\">\n<td data-start=\"4175\" data-end=\"4186\" data-col-size=\"sm\">_gcl_au<\/td>\n<td data-col-size=\"sm\" data-start=\"4186\" data-end=\"4199\">Google Ads<\/td>\n<td data-col-size=\"md\" data-start=\"4199\" data-end=\"4243\">Advertising conversion tracking<\/td>\n<td data-col-size=\"sm\" data-start=\"4243\" data-end=\"4256\">Advertising<\/td>\n<td data-col-size=\"sm\" data-start=\"4256\" data-end=\"4267\">3 months<\/td>\n<\/tr>\n<tr data-start=\"4268\" data-end=\"4370\">\n<td data-start=\"4268\" data-end=\"4276\" data-col-size=\"sm\">_fbp<\/td>\n<td data-col-size=\"sm\" data-start=\"4276\" data-end=\"4294\">Meta (Facebook)<\/td>\n<td data-col-size=\"md\" data-start=\"4294\" data-end=\"4346\">Identifies browsers for advertising and measurement<\/td>\n<td data-col-size=\"sm\" data-start=\"4346\" data-end=\"4359\">Advertising<\/td>\n<td data-col-size=\"sm\" data-start=\"4359\" data-end=\"4370\">3 months<\/td>\n<\/tr>\n<\/tbody>\n<\/table>\n<\/div>\n<\/div>\n<h3 data-start=\"4372\" data-end=\"4402\"><strong data-start=\"4376\" data-end=\"4402\">Third-party policies:<\/strong><\/h3>\n<ul data-start=\"4403\" data-end=\"4496\">\n<li data-start=\"4403\" data-end=\"4450\">\n<p data-start=\"4405\" data-end=\"4450\">Google: <a class=\"decorated-link\" href=\"https:\/\/policies.google.com\/privacy\" target=\"_new\" rel=\"noopener\" data-start=\"4413\" data-end=\"4448\">https:\/\/policies.google.com\/privacy<\/a><\/p>\n<\/li>\n<li data-start=\"4451\" data-end=\"4496\">\n<p data-start=\"4453\" data-end=\"4496\">Meta: <a class=\"decorated-link\" href=\"https:\/\/www.facebook.com\/policy.php\" target=\"_new\" rel=\"noopener\" data-start=\"4459\" data-end=\"4494\">https:\/\/www.facebook.com\/policy.php<\/a><\/p>\n<\/li>\n<\/ul>\n<hr data-start=\"4498\" data-end=\"4501\" \/>\n<h3 data-start=\"4503\" data-end=\"4533\"><strong data-start=\"4506\" data-end=\"4533\">Data transfers<\/strong><\/h3>\n<p data-start=\"4535\" data-end=\"4793\">The use of third-party cookies may involve international data transfers. These will be carried out in accordance with the safeguards provided by the GDPR (standard contractual clauses, adequacy decisions, etc.). Please consult the policies of each provider.<\/p>\n<hr data-start=\"4795\" data-end=\"4798\" \/>\n<h3 data-start=\"4800\" data-end=\"4820\"><strong data-start=\"4803\" data-end=\"4820\">Legal basis<\/strong><\/h3>\n<ul data-start=\"4822\" data-end=\"5066\">\n<li data-start=\"4822\" data-end=\"4911\">\n<p data-start=\"4824\" data-end=\"4911\"><strong data-start=\"4824\" data-end=\"4847\">Necessary cookies:<\/strong> legitimate interest in ensuring the operation of the Website.<\/p>\n<\/li>\n<li data-start=\"4912\" data-end=\"5066\">\n<p data-start=\"4914\" data-end=\"5066\"><strong data-start=\"4914\" data-end=\"4964\">Preference, analytics and marketing cookies:<\/strong> user consent, which can be withdrawn at any time from the settings panel.<\/p>\n<\/li>\n<\/ul>\n<hr data-start=\"5068\" data-end=\"5071\" \/>\n<h3 data-start=\"5073\" data-end=\"5092\"><strong data-start=\"5076\" data-end=\"5092\">Conservation<\/strong><\/h3>\n<p data-start=\"5094\" data-end=\"5243\">Cookies will be stored for the periods indicated in the table or until the user deletes them from their browser or withdraws their consent.<\/p>\n<hr data-start=\"5245\" data-end=\"5248\" \/>\n<h3 data-start=\"5250\" data-end=\"5308\"><strong data-start=\"5253\" data-end=\"5308\">Updates and changes to the Cookie Policy<\/strong><\/h3>\n<p data-start=\"5310\" data-end=\"5518\"><strong data-start=\"5310\" data-end=\"5347\">RODRIGO EDGARDO HERNANDEZ JIMENEZ<\/strong> reserves the right to modify this Policy when it deems appropriate.<br data-start=\"5423\" data-end=\"5426\" \/>Any changes will be posted on this same page.<br data-start=\"5477\" data-end=\"5480\" \/>We recommend checking it periodically.<\/p>\n<hr data-start=\"5520\" data-end=\"5523\" \/>\n<h3 data-start=\"5525\" data-end=\"5540\"><strong data-start=\"5528\" data-end=\"5540\">Contact<\/strong><\/h3>\n<p data-start=\"5542\" data-end=\"5645\">If you have any questions about this Cookie Policy, you can write to us at:<br data-start=\"5611\" data-end=\"5614\" \/><strong data-start=\"5614\" data-end=\"5645\"><a class=\"decorated-link cursor-pointer\" rel=\"noopener\" data-start=\"5616\" data-end=\"5643\">rodrigo.edgardohj@gmail.com<\/a><\/strong><\/p>","protected":false},"excerpt":{"rendered":"<p>En el sitio web https:\/\/dbai.es\/ (en adelante, el \u201cSitio Web\u201d) utilizamos cookies para mejorar la experiencia de las personas usuarias, facilitar la navegaci\u00f3n y optimizar el rendimiento del Sitio Web. A continuaci\u00f3n, te explicamos qu\u00e9 son las cookies, qu\u00e9 tipos utilizamos y c\u00f3mo puedes gestionarlas. \u00bfQu\u00e9 son las cookies? Las cookies son peque\u00f1os archivos de&hellip;&nbsp;<\/p>","protected":false},"author":1,"featured_media":0,"parent":0,"menu_order":0,"comment_status":"closed","ping_status":"closed","template":"","meta":{"neve_meta_sidebar":"","neve_meta_container":"","neve_meta_enable_content_width":"off","neve_meta_content_width":100,"neve_meta_title_alignment":"","neve_meta_author_avatar":"","neve_post_elements_order":"","neve_meta_disable_header":"","neve_meta_disable_footer":"","neve_meta_disable_title":"","_joinchat":[],"footnotes":""},"class_list":["post-12","page","type-page","status-publish","hentry"],"yoast_head":"<!-- This site is optimized with the Yoast SEO plugin v27.4 - https:\/\/yoast.com\/product\/yoast-seo-wordpress\/ -->\n<title>Pol\u00edtica de Cookies - DBAI | Business Intelligence e Inteligencia Artificial para la Transformaci\u00f3n de Datos<\/title>\n<meta name=\"robots\" content=\"index, follow, max-snippet:-1, max-image-preview:large, max-video-preview:-1\" \/>\n<link rel=\"canonical\" href=\"https:\/\/dbai.es\/en\/politica-de-cookies\/\" \/>\n<meta property=\"og:locale\" content=\"en_GB\" \/>\n<meta property=\"og:type\" content=\"article\" \/>\n<meta property=\"og:title\" content=\"Pol\u00edtica de Cookies - DBAI | Business Intelligence e Inteligencia Artificial para la Transformaci\u00f3n de Datos\" \/>\n<meta property=\"og:description\" content=\"En el sitio web https:\/\/dbai.es\/ (en adelante, el \u201cSitio Web\u201d) utilizamos cookies para mejorar la experiencia de las personas usuarias, facilitar la navegaci\u00f3n y optimizar el rendimiento del Sitio Web. A continuaci\u00f3n, te explicamos qu\u00e9 son las cookies, qu\u00e9 tipos utilizamos y c\u00f3mo puedes gestionarlas. \u00bfQu\u00e9 son las cookies? Las cookies son peque\u00f1os archivos de&hellip;&nbsp;\" \/>\n<meta property=\"og:url\" content=\"https:\/\/dbai.es\/en\/politica-de-cookies\/\" \/>\n<meta property=\"og:site_name\" content=\"DBAI | Business Intelligence e Inteligencia Artificial para la Transformaci\u00f3n de Datos\" \/>\n<meta property=\"article:modified_time\" content=\"2025-11-24T16:14:14+00:00\" \/>\n<meta name=\"twitter:card\" content=\"summary_large_image\" \/>\n<meta name=\"twitter:label1\" content=\"Estimated reading time\" \/>\n\t<meta name=\"twitter:data1\" content=\"3 minutes\" \/>\n<script type=\"application\/ld+json\" class=\"yoast-schema-graph\">{\"@context\":\"https:\\\/\\\/schema.org\",\"@graph\":[{\"@type\":\"WebPage\",\"@id\":\"https:\\\/\\\/dbai.es\\\/politica-de-cookies\\\/\",\"url\":\"https:\\\/\\\/dbai.es\\\/politica-de-cookies\\\/\",\"name\":\"Pol\u00edtica de Cookies - DBAI | Business Intelligence e Inteligencia Artificial para la Transformaci\u00f3n de Datos\",\"isPartOf\":{\"@id\":\"https:\\\/\\\/dbai.es\\\/#website\"},\"datePublished\":\"2024-08-29T11:28:24+00:00\",\"dateModified\":\"2025-11-24T16:14:14+00:00\",\"breadcrumb\":{\"@id\":\"https:\\\/\\\/dbai.es\\\/politica-de-cookies\\\/#breadcrumb\"},\"inLanguage\":\"en-GB\",\"potentialAction\":[{\"@type\":\"ReadAction\",\"target\":[\"https:\\\/\\\/dbai.es\\\/politica-de-cookies\\\/\"]}]},{\"@type\":\"BreadcrumbList\",\"@id\":\"https:\\\/\\\/dbai.es\\\/politica-de-cookies\\\/#breadcrumb\",\"itemListElement\":[{\"@type\":\"ListItem\",\"position\":1,\"name\":\"Portada\",\"item\":\"https:\\\/\\\/dbai.es\\\/\"},{\"@type\":\"ListItem\",\"position\":2,\"name\":\"Pol\u00edtica de Cookies\"}]},{\"@type\":\"WebSite\",\"@id\":\"https:\\\/\\\/dbai.es\\\/#website\",\"url\":\"https:\\\/\\\/dbai.es\\\/\",\"name\":\"DBAI | Business Intelligence e Inteligencia Artificial para la Transformaci\u00f3n de Datos\",\"description\":\"En DBAI ayudamos a las empresas a convertir sus datos en decisiones estrat\u00e9gicas. Ofrecemos soluciones de BI, anal\u00edtica avanzada, modelos predictivos y aplicaciones de IA que optimizan la eficiencia y generan ventajas competitivas sostenibles.\",\"potentialAction\":[{\"@type\":\"SearchAction\",\"target\":{\"@type\":\"EntryPoint\",\"urlTemplate\":\"https:\\\/\\\/dbai.es\\\/?s={search_term_string}\"},\"query-input\":{\"@type\":\"PropertyValueSpecification\",\"valueRequired\":true,\"valueName\":\"search_term_string\"}}],\"inLanguage\":\"en-GB\"}]}<\/script>\n<!-- \/ Yoast SEO plugin. -->","yoast_head_json":{"title":"Pol\u00edtica de Cookies - DBAI | Business Intelligence e Inteligencia Artificial para la Transformaci\u00f3n de Datos","robots":{"index":"index","follow":"follow","max-snippet":"max-snippet:-1","max-image-preview":"max-image-preview:large","max-video-preview":"max-video-preview:-1"},"canonical":"https:\/\/dbai.es\/en\/politica-de-cookies\/","og_locale":"en_GB","og_type":"article","og_title":"Pol\u00edtica de Cookies - DBAI | Business Intelligence e Inteligencia Artificial para la Transformaci\u00f3n de Datos","og_description":"En el sitio web https:\/\/dbai.es\/ (en adelante, el \u201cSitio Web\u201d) utilizamos cookies para mejorar la experiencia de las personas usuarias, facilitar la navegaci\u00f3n y optimizar el rendimiento del Sitio Web. A continuaci\u00f3n, te explicamos qu\u00e9 son las cookies, qu\u00e9 tipos utilizamos y c\u00f3mo puedes gestionarlas. \u00bfQu\u00e9 son las cookies? Las cookies son peque\u00f1os archivos de&hellip;&nbsp;","og_url":"https:\/\/dbai.es\/en\/politica-de-cookies\/","og_site_name":"DBAI | Business Intelligence e Inteligencia Artificial para la Transformaci\u00f3n de Datos","article_modified_time":"2025-11-24T16:14:14+00:00","twitter_card":"summary_large_image","twitter_misc":{"Estimated reading time":"3 minutes"},"schema":{"@context":"https:\/\/schema.org","@graph":[{"@type":"WebPage","@id":"https:\/\/dbai.es\/politica-de-cookies\/","url":"https:\/\/dbai.es\/politica-de-cookies\/","name":"Pol\u00edtica de Cookies - DBAI | Business Intelligence e Inteligencia Artificial para la Transformaci\u00f3n de Datos","isPartOf":{"@id":"https:\/\/dbai.es\/#website"},"datePublished":"2024-08-29T11:28:24+00:00","dateModified":"2025-11-24T16:14:14+00:00","breadcrumb":{"@id":"https:\/\/dbai.es\/politica-de-cookies\/#breadcrumb"},"inLanguage":"en-GB","potentialAction":[{"@type":"ReadAction","target":["https:\/\/dbai.es\/politica-de-cookies\/"]}]},{"@type":"BreadcrumbList","@id":"https:\/\/dbai.es\/politica-de-cookies\/#breadcrumb","itemListElement":[{"@type":"ListItem","position":1,"name":"Portada","item":"https:\/\/dbai.es\/"},{"@type":"ListItem","position":2,"name":"Pol\u00edtica de Cookies"}]},{"@type":"WebSite","@id":"https:\/\/dbai.es\/#website","url":"https:\/\/dbai.es\/","name":"DBAI | Business Intelligence e Inteligencia Artificial para la Transformaci\u00f3n de Datos","description":"En DBAI ayudamos a las empresas a convertir sus datos en decisiones estrat\u00e9gicas. Ofrecemos soluciones de BI, anal\u00edtica avanzada, modelos predictivos y aplicaciones de IA que optimizan la eficiencia y generan ventajas competitivas sostenibles.","potentialAction":[{"@type":"SearchAction","target":{"@type":"EntryPoint","urlTemplate":"https:\/\/dbai.es\/?s={search_term_string}"},"query-input":{"@type":"PropertyValueSpecification","valueRequired":true,"valueName":"search_term_string"}}],"inLanguage":"en-GB"}]}},"_links":{"self":[{"href":"https:\/\/dbai.es\/en\/wp-json\/wp\/v2\/pages\/12","targetHints":{"allow":["GET"]}}],"collection":[{"href":"https:\/\/dbai.es\/en\/wp-json\/wp\/v2\/pages"}],"about":[{"href":"https:\/\/dbai.es\/en\/wp-json\/wp\/v2\/types\/page"}],"author":[{"embeddable":true,"href":"https:\/\/dbai.es\/en\/wp-json\/wp\/v2\/users\/1"}],"replies":[{"embeddable":true,"href":"https:\/\/dbai.es\/en\/wp-json\/wp\/v2\/comments?post=12"}],"version-history":[{"count":6,"href":"https:\/\/dbai.es\/en\/wp-json\/wp\/v2\/pages\/12\/revisions"}],"predecessor-version":[{"id":371,"href":"https:\/\/dbai.es\/en\/wp-json\/wp\/v2\/pages\/12\/revisions\/371"}],"wp:attachment":[{"href":"https:\/\/dbai.es\/en\/wp-json\/wp\/v2\/media?parent=12"}],"curies":[{"name":"wp","href":"https:\/\/api.w.org\/{rel}","templated":true}]}}