{"id":155,"date":"2025-11-11T22:03:36","date_gmt":"2025-11-11T22:03:36","guid":{"rendered":"https:\/\/dbai.es\/?page_id=155"},"modified":"2025-12-04T14:29:12","modified_gmt":"2025-12-04T14:29:12","slug":"blog","status":"publish","type":"page","link":"https:\/\/dbai.es\/en\/blog\/","title":{"rendered":"Blog"},"content":{"rendered":"<div data-elementor-type=\"wp-page\" data-elementor-id=\"155\" class=\"elementor elementor-155\" data-elementor-post-type=\"page\">\n\t\t\t\t<div class=\"elementor-element elementor-element-468ca2d e-flex e-con-boxed e-con e-parent\" data-id=\"468ca2d\" data-element_type=\"container\" data-e-type=\"container\" data-settings=\"{&quot;background_background&quot;:&quot;classic&quot;}\">\n\t\t\t\t\t<div class=\"e-con-inner\">\n\t\t\t\t<div class=\"elementor-element elementor-element-7aa10b9 elementor-icon-list--layout-inline elementor-align-center elementor-list-item-link-full_width elementor-invisible elementor-widget elementor-widget-icon-list\" data-id=\"7aa10b9\" data-element_type=\"widget\" data-e-type=\"widget\" data-settings=\"{&quot;_animation&quot;:&quot;fadeInUp&quot;,&quot;_animation_delay&quot;:100}\" data-widget_type=\"icon-list.default\">\n\t\t\t\t<div class=\"elementor-widget-container\">\n\t\t\t\t\t\t\t<ul class=\"elementor-icon-list-items elementor-inline-items\">\n\t\t\t\t\t\t\t<li class=\"elementor-icon-list-item elementor-inline-item\">\n\t\t\t\t\t\t\t\t\t\t\t<a href=\"https:\/\/dbai.es\/en\/\">\n\n\t\t\t\t\t\t\t\t\t\t\t<span class=\"elementor-icon-list-text\">Start<\/span>\n\t\t\t\t\t\t\t\t\t\t\t<\/a>\n\t\t\t\t\t\t\t\t\t<\/li>\n\t\t\t\t\t\t\t\t<li class=\"elementor-icon-list-item elementor-inline-item\">\n\t\t\t\t\t\t\t\t\t\t\t<a href=\"https:\/\/dbai.es\/en\/blog\/\">\n\n\t\t\t\t\t\t\t\t\t\t\t\t<span class=\"elementor-icon-list-icon\">\n\t\t\t\t\t\t\t<i aria-hidden=\"true\" class=\"icon icon-right-arrow\"><\/i>\t\t\t\t\t\t<\/span>\n\t\t\t\t\t\t\t\t\t\t<span class=\"elementor-icon-list-text\">Blog<\/span>\n\t\t\t\t\t\t\t\t\t\t\t<\/a>\n\t\t\t\t\t\t\t\t\t<\/li>\n\t\t\t\t\t\t<\/ul>\n\t\t\t\t\t\t<\/div>\n\t\t\t\t<\/div>\n\t\t\t\t\t<\/div>\n\t\t\t\t<\/div>\n\t\t<div class=\"elementor-element elementor-element-1933177 e-flex e-con-boxed e-con e-parent\" data-id=\"1933177\" data-element_type=\"container\" data-e-type=\"container\" data-settings=\"{&quot;background_background&quot;:&quot;classic&quot;}\">\n\t\t\t\t\t<div class=\"e-con-inner\">\n\t\t<div class=\"elementor-element elementor-element-178c9786 e-con-full e-flex elementor-invisible e-con e-child\" data-id=\"178c9786\" data-element_type=\"container\" data-e-type=\"container\" data-settings=\"{&quot;animation&quot;:&quot;fadeInUp&quot;}\">\n\t\t\t\t<div class=\"elementor-element elementor-element-7606271a elementor-widget elementor-widget-elementskit-blog-posts\" data-id=\"7606271a\" data-element_type=\"widget\" data-e-type=\"widget\" data-settings=\"{&quot;_animation&quot;:&quot;none&quot;}\" data-widget_type=\"elementskit-blog-posts.default\">\n\t\t\t\t<div class=\"elementor-widget-container\">\n\t\t\t\t\t<div class=\"ekit-wid-con\" >        <div id=\"post-items--7606271a\" class=\"row post-items\">\n                    <div class=\"col-lg-4 col-md-6\">\n\n                                    <div class=\"elementskit-post-image-card\">\n                        <div class=\"elementskit-entry-header\">\n                                                            <a href=\"https:\/\/dbai.es\/en\/como-la-inteligencia-artificial-esta-revolucionando-el-business-intelligence\/\" class=\"elementskit-entry-thumb\">\n                                    <img decoding=\"async\" src=\"https:\/\/dbai.es\/wp-content\/uploads\/2025\/11\/Captura-de-pantalla-2025-11-11-a-las-15.56.00-1024x639.png\" alt=\"C\u00f3mo la Inteligencia Artificial est\u00e1 revolucionando el Business Intelligence\">\n                                <\/a><!-- .elementskit-entry-thumb END -->\n                                                            \n                            \n\t\t\t\t\t\t\t\t\t\t\t\t\t<\/div><!-- .elementskit-entry-header END -->\n\n\t\t\t\t\t\t<div class=\"elementskit-post-body\">\n\t\t\t\t\t\t\t\n\t\t\t\t\t\t\t\t\t\t\t\t\t\t\t\t\t\t\t\t\t\t\t\t\t\t\t\t<div class=\"post-meta-list\">\n\t\t\t\t\t\t\t\t\t\t\t\t\t\t\t\t\t\t\t\t\t\t\t\t<span class=\"meta-author\">\n\t\t\t\t\t\t\t\t\t\t\t\t\t\t\t\t\t\t\t\t\t\t\t\t\t\t\t\t\t\t\t\t\t\t\t\t\t\t\t\t\t<a href=\"https:\/\/dbai.es\/en\/author\/admin\/\" class=\"author-name\">admin<\/a>\n\t\t\t\t\t\t\t\t\t<\/span>\n\t\t\t\t\t\t\t\t\t\t\t\t\t\t\t\t\t\t\t\t\t\t\t\t\t\t\t\t\t\t\t\t\t\t\t\t\t\t\t\t\t\t\t\t\t\t\t\t\t\t\t\t\t\t\t\t\t\t\t\t\t\t\t\t<span class=\"meta-date\">\n\t\t\t\t\t\t\t\t\t\t<svg aria-hidden=\"true\" class=\"e-font-icon-svg e-fas-circle\" viewbox=\"0 0 512 512\" xmlns=\"http:\/\/www.w3.org\/2000\/svg\"><path d=\"M256 8C119 8 8 119 8 256s111 248 248 248 248-111 248-248S393 8 256 8z\"><\/path><\/svg>\t\t\t\t\t\t\t\t\t\t<span class=\"meta-date-text\">\n\t\t\t\t\t\t\t\t\t\t\tNovember 11, 2025\t\t\t\t\t\t\t\t\t\t<\/span>\n\t\t\t\t\t\t\t\t\t<\/span>\n\t\t\t\t\t\t\t\t\t\t\t\t\t\t\t\t\t\t\t\t\t\t\t\t\t\t\t\t\t\t\t\t\t\t\t\t\t<\/div>\n\t\t\t\t\t\t\t\t\t\t\t\t\t\n\t\t\t\t\t\t\t\t\n\t\t\t\t\t\t\t\t\t\t\t\t\t\t\t\t\t\t\t\t\t<h2 class=\"entry-title\">\n\t\t\t\t\t<a href=\"https:\/\/dbai.es\/en\/como-la-inteligencia-artificial-esta-revolucionando-el-business-intelligence\/\">\n\t\t\t\t\t\tHow Artificial Intelligence is revolutionizing Business\u2026\t\t\t\t\t<\/a>\n\t\t\t\t<\/h2>\n\t\t\t\t\t\t\t\t\t\t\t\t\t\t\t\t\t\t\t\t\t\t\t\t\t\t\t\t\t\t\t\t\t\t\t\t\t\t\t\t\t\t<p>In today's business environment, data is one of the most valuable assets\u2026<\/p>\n\t\t\t\t\t\t\t\t\t\t\t\t\t\t\t\t\t\t\t\t\t\t                                                    <\/div><!-- .elementskit-post-body END -->\n                    <\/div>\n                \n            <\/div>\n                    <div class=\"col-lg-4 col-md-6\">\n\n                                    <div class=\"elementskit-post-image-card\">\n                        <div class=\"elementskit-entry-header\">\n                                                            <a href=\"https:\/\/dbai.es\/en\/soluciones-de-ia-para-empresas-automatiza-procesos\/\" class=\"elementskit-entry-thumb\">\n                                    <img decoding=\"async\" src=\"https:\/\/dbai.es\/wp-content\/uploads\/2025\/11\/ai_agents.png\" alt=\"Soluciones de IA para Empresas | Automatiza Procesos\">\n                                <\/a><!-- .elementskit-entry-thumb END -->\n                                                            \n                            \n\t\t\t\t\t\t\t\t\t\t\t\t\t<\/div><!-- .elementskit-entry-header END -->\n\n\t\t\t\t\t\t<div class=\"elementskit-post-body\">\n\t\t\t\t\t\t\t\n\t\t\t\t\t\t\t\t\t\t\t\t\t\t\t\t\t\t\t\t\t\t\t\t\t\t\t\t<div class=\"post-meta-list\">\n\t\t\t\t\t\t\t\t\t\t\t\t\t\t\t\t\t\t\t\t\t\t\t\t<span class=\"meta-author\">\n\t\t\t\t\t\t\t\t\t\t\t\t\t\t\t\t\t\t\t\t\t\t\t\t\t\t\t\t\t\t\t\t\t\t\t\t\t\t\t\t\t<a href=\"https:\/\/dbai.es\/en\/author\/admin\/\" class=\"author-name\">admin<\/a>\n\t\t\t\t\t\t\t\t\t<\/span>\n\t\t\t\t\t\t\t\t\t\t\t\t\t\t\t\t\t\t\t\t\t\t\t\t\t\t\t\t\t\t\t\t\t\t\t\t\t\t\t\t\t\t\t\t\t\t\t\t\t\t\t\t\t\t\t\t\t\t\t\t\t\t\t\t<span class=\"meta-date\">\n\t\t\t\t\t\t\t\t\t\t<svg aria-hidden=\"true\" class=\"e-font-icon-svg e-fas-circle\" viewbox=\"0 0 512 512\" xmlns=\"http:\/\/www.w3.org\/2000\/svg\"><path d=\"M256 8C119 8 8 119 8 256s111 248 248 248 248-111 248-248S393 8 256 8z\"><\/path><\/svg>\t\t\t\t\t\t\t\t\t\t<span class=\"meta-date-text\">\n\t\t\t\t\t\t\t\t\t\t\tFebruary 11, 2026\t\t\t\t\t\t\t\t\t\t<\/span>\n\t\t\t\t\t\t\t\t\t<\/span>\n\t\t\t\t\t\t\t\t\t\t\t\t\t\t\t\t\t\t\t\t\t\t\t\t\t\t\t\t\t\t\t\t\t\t\t\t\t<\/div>\n\t\t\t\t\t\t\t\t\t\t\t\t\t\n\t\t\t\t\t\t\t\t\n\t\t\t\t\t\t\t\t\t\t\t\t\t\t\t\t\t\t\t\t\t<h2 class=\"entry-title\">\n\t\t\t\t\t<a href=\"https:\/\/dbai.es\/en\/soluciones-de-ia-para-empresas-automatiza-procesos\/\">\n\t\t\t\t\t\tSoluciones de IA para Empresas | Automatiza Procesos\t\t\t\t\t<\/a>\n\t\t\t\t<\/h2>\n\t\t\t\t\t\t\t\t\t\t\t\t\t\t\t\t\t\t\t\t\t\t\t\t\t\t\t\t\t\t\t\t\t\t\t\t\t\t\t\t\t\t<p>Las soluciones de IA para empresas han dejado de ser \u201calgo que&hellip;<\/p>\n\t\t\t\t\t\t\t\t\t\t\t\t\t\t\t\t\t\t\t\t\t\t                                                    <\/div><!-- .elementskit-post-body END -->\n                    <\/div>\n                \n            <\/div>\n                    <div class=\"col-lg-4 col-md-6\">\n\n                                    <div class=\"elementskit-post-image-card\">\n                        <div class=\"elementskit-entry-header\">\n                                                            <a href=\"https:\/\/dbai.es\/en\/como-vender-mas-con-chatbots-marketing-y-atencion-al-cliente\/\" class=\"elementskit-entry-thumb\">\n                                    <img decoding=\"async\" src=\"https:\/\/dbai.es\/wp-content\/uploads\/2026\/02\/f93b671d-d405-4d8b-bacd-4c049dfc06bf.png\" alt=\"C\u00f3mo vender m\u00e1s con Chatbots | Marketing y Atenci\u00f3n al Cliente\">\n                                <\/a><!-- .elementskit-entry-thumb END -->\n                                                            \n                            \n\t\t\t\t\t\t\t\t\t\t\t\t\t<\/div><!-- .elementskit-entry-header END -->\n\n\t\t\t\t\t\t<div class=\"elementskit-post-body\">\n\t\t\t\t\t\t\t\n\t\t\t\t\t\t\t\t\t\t\t\t\t\t\t\t\t\t\t\t\t\t\t\t\t\t\t\t<div class=\"post-meta-list\">\n\t\t\t\t\t\t\t\t\t\t\t\t\t\t\t\t\t\t\t\t\t\t\t\t<span class=\"meta-author\">\n\t\t\t\t\t\t\t\t\t\t\t\t\t\t\t\t\t\t\t\t\t\t\t\t\t\t\t\t\t\t\t\t\t\t\t\t\t\t\t\t\t<a href=\"https:\/\/dbai.es\/en\/author\/admin\/\" class=\"author-name\">admin<\/a>\n\t\t\t\t\t\t\t\t\t<\/span>\n\t\t\t\t\t\t\t\t\t\t\t\t\t\t\t\t\t\t\t\t\t\t\t\t\t\t\t\t\t\t\t\t\t\t\t\t\t\t\t\t\t\t\t\t\t\t\t\t\t\t\t\t\t\t\t\t\t\t\t\t\t\t\t\t<span class=\"meta-date\">\n\t\t\t\t\t\t\t\t\t\t<svg aria-hidden=\"true\" class=\"e-font-icon-svg e-fas-circle\" viewbox=\"0 0 512 512\" xmlns=\"http:\/\/www.w3.org\/2000\/svg\"><path d=\"M256 8C119 8 8 119 8 256s111 248 248 248 248-111 248-248S393 8 256 8z\"><\/path><\/svg>\t\t\t\t\t\t\t\t\t\t<span class=\"meta-date-text\">\n\t\t\t\t\t\t\t\t\t\t\tFebruary 18, 2026\t\t\t\t\t\t\t\t\t\t<\/span>\n\t\t\t\t\t\t\t\t\t<\/span>\n\t\t\t\t\t\t\t\t\t\t\t\t\t\t\t\t\t\t\t\t\t\t\t\t\t\t\t\t\t\t\t\t\t\t\t\t\t<\/div>\n\t\t\t\t\t\t\t\t\t\t\t\t\t\n\t\t\t\t\t\t\t\t\n\t\t\t\t\t\t\t\t\t\t\t\t\t\t\t\t\t\t\t\t\t<h2 class=\"entry-title\">\n\t\t\t\t\t<a href=\"https:\/\/dbai.es\/en\/como-vender-mas-con-chatbots-marketing-y-atencion-al-cliente\/\">\n\t\t\t\t\t\tC\u00f3mo vender m\u00e1s con Chatbots | Marketing y&hellip;\t\t\t\t\t<\/a>\n\t\t\t\t<\/h2>\n\t\t\t\t\t\t\t\t\t\t\t\t\t\t\t\t\t\t\t\t\t\t\t\t\t\t\t\t\t\t\t\t\t\t\t\t\t\t\t\t\t\t<p>Si has llegado hasta aqu\u00ed, seguramente te est\u00e9s haciendo la misma pregunta&hellip;<\/p>\n\t\t\t\t\t\t\t\t\t\t\t\t\t\t\t\t\t\t\t\t\t\t                                                    <\/div><!-- .elementskit-post-body END -->\n                    <\/div>\n                \n            <\/div>\n                    <div class=\"col-lg-4 col-md-6\">\n\n                                    <div class=\"elementskit-post-image-card\">\n                        <div class=\"elementskit-entry-header\">\n                                                            <a href=\"https:\/\/dbai.es\/en\/big-data-y-business-intelligence-optimiza-tu-empresa-con-dbai\/\" class=\"elementskit-entry-thumb\">\n                                    <img decoding=\"async\" src=\"https:\/\/dbai.es\/wp-content\/uploads\/2025\/11\/big-data-ventajas-y-desventajas-1200x675-1-1024x576.jpg\" alt=\"Big Data y Business Intelligence | Optimiza tu Empresa con DBAI\">\n                                <\/a><!-- .elementskit-entry-thumb END -->\n                                                            \n                            \n\t\t\t\t\t\t\t\t\t\t\t\t\t<\/div><!-- .elementskit-entry-header END -->\n\n\t\t\t\t\t\t<div class=\"elementskit-post-body\">\n\t\t\t\t\t\t\t\n\t\t\t\t\t\t\t\t\t\t\t\t\t\t\t\t\t\t\t\t\t\t\t\t\t\t\t\t<div class=\"post-meta-list\">\n\t\t\t\t\t\t\t\t\t\t\t\t\t\t\t\t\t\t\t\t\t\t\t\t<span class=\"meta-author\">\n\t\t\t\t\t\t\t\t\t\t\t\t\t\t\t\t\t\t\t\t\t\t\t\t\t\t\t\t\t\t\t\t\t\t\t\t\t\t\t\t\t<a href=\"https:\/\/dbai.es\/en\/author\/admin\/\" class=\"author-name\">admin<\/a>\n\t\t\t\t\t\t\t\t\t<\/span>\n\t\t\t\t\t\t\t\t\t\t\t\t\t\t\t\t\t\t\t\t\t\t\t\t\t\t\t\t\t\t\t\t\t\t\t\t\t\t\t\t\t\t\t\t\t\t\t\t\t\t\t\t\t\t\t\t\t\t\t\t\t\t\t\t<span class=\"meta-date\">\n\t\t\t\t\t\t\t\t\t\t<svg aria-hidden=\"true\" class=\"e-font-icon-svg e-fas-circle\" viewbox=\"0 0 512 512\" xmlns=\"http:\/\/www.w3.org\/2000\/svg\"><path d=\"M256 8C119 8 8 119 8 256s111 248 248 248 248-111 248-248S393 8 256 8z\"><\/path><\/svg>\t\t\t\t\t\t\t\t\t\t<span class=\"meta-date-text\">\n\t\t\t\t\t\t\t\t\t\t\tFebruary 25, 2026\t\t\t\t\t\t\t\t\t\t<\/span>\n\t\t\t\t\t\t\t\t\t<\/span>\n\t\t\t\t\t\t\t\t\t\t\t\t\t\t\t\t\t\t\t\t\t\t\t\t\t\t\t\t\t\t\t\t\t\t\t\t\t<\/div>\n\t\t\t\t\t\t\t\t\t\t\t\t\t\n\t\t\t\t\t\t\t\t\n\t\t\t\t\t\t\t\t\t\t\t\t\t\t\t\t\t\t\t\t\t<h2 class=\"entry-title\">\n\t\t\t\t\t<a href=\"https:\/\/dbai.es\/en\/big-data-y-business-intelligence-optimiza-tu-empresa-con-dbai\/\">\n\t\t\t\t\t\tBig Data y Business Intelligence | Optimiza tu&hellip;\t\t\t\t\t<\/a>\n\t\t\t\t<\/h2>\n\t\t\t\t\t\t\t\t\t\t\t\t\t\t\t\t\t\t\t\t\t\t\t\t\t\t\t\t\t\t\t\t\t\t\t\t\t\t\t\t\t\t<p>La inteligencia artificial y la anal\u00edtica avanzada han cambiado el rendimiento de&hellip;<\/p>\n\t\t\t\t\t\t\t\t\t\t\t\t\t\t\t\t\t\t\t\t\t\t                                                    <\/div><!-- .elementskit-post-body END -->\n                    <\/div>\n                \n            <\/div>\n                <\/div>\n       <\/div>\t\t\t\t<\/div>\n\t\t\t\t<\/div>\n\t\t\t\t<\/div>\n\t\t\t\t\t<\/div>\n\t\t\t\t<\/div>\n\t\t\t\t<\/div>","protected":false},"excerpt":{"rendered":"<p>Inicio Blog admin noviembre 11, 2025 C\u00f3mo la Inteligencia Artificial est\u00e1 revolucionando el Business\u2026 En el entorno empresarial actual, los datos son uno de los activos\u2026<\/p>","protected":false},"author":1,"featured_media":0,"parent":0,"menu_order":0,"comment_status":"closed","ping_status":"closed","template":"page-templates\/template-pagebuilder-full-width.php","meta":{"neve_meta_sidebar":"","neve_meta_container":"","neve_meta_enable_content_width":"off","neve_meta_content_width":100,"neve_meta_title_alignment":"","neve_meta_author_avatar":"","neve_post_elements_order":"","neve_meta_disable_header":"","neve_meta_disable_footer":"","neve_meta_disable_title":"","_joinchat":[],"footnotes":""},"class_list":["post-155","page","type-page","status-publish","hentry"],"yoast_head":"<!-- This site is optimized with the Yoast SEO plugin v27.4 - https:\/\/yoast.com\/product\/yoast-seo-wordpress\/ -->\n<title>Blog DBAI \u2014 Noticias y tendencias en BI e IA<\/title>\n<meta name=\"description\" content=\"Descubre art\u00edculos sobre Business Intelligence, IA y transformaci\u00f3n digital para tu empresa. \u00a1Empieza a leer sobre BI e IA en DBAI!\" \/>\n<meta name=\"robots\" content=\"index, follow, max-snippet:-1, max-image-preview:large, max-video-preview:-1\" \/>\n<link rel=\"canonical\" href=\"https:\/\/dbai.es\/en\/blog\/\" \/>\n<meta property=\"og:locale\" content=\"en_GB\" \/>\n<meta property=\"og:type\" content=\"article\" \/>\n<meta property=\"og:title\" content=\"Blog DBAI \u2014 Noticias y tendencias en BI e IA\" \/>\n<meta property=\"og:description\" content=\"Descubre art\u00edculos sobre Business Intelligence, IA y transformaci\u00f3n digital para tu empresa. \u00a1Empieza a leer sobre BI e IA en DBAI!\" \/>\n<meta property=\"og:url\" content=\"https:\/\/dbai.es\/en\/blog\/\" \/>\n<meta property=\"og:site_name\" content=\"DBAI | Business Intelligence e Inteligencia Artificial para la Transformaci\u00f3n de Datos\" \/>\n<meta property=\"article:modified_time\" content=\"2025-12-04T14:29:12+00:00\" \/>\n<meta property=\"og:image\" content=\"https:\/\/dbai.es\/wp-content\/uploads\/2025\/11\/Captura-de-pantalla-2025-11-11-a-las-15.56.00-1024x639.png\" \/>\n<meta name=\"twitter:card\" content=\"summary_large_image\" \/>\n<meta name=\"twitter:label1\" content=\"Estimated reading time\" \/>\n\t<meta name=\"twitter:data1\" content=\"1 minute\" \/>\n<script type=\"application\/ld+json\" class=\"yoast-schema-graph\">{\"@context\":\"https:\\\/\\\/schema.org\",\"@graph\":[{\"@type\":\"WebPage\",\"@id\":\"https:\\\/\\\/dbai.es\\\/blog\\\/\",\"url\":\"https:\\\/\\\/dbai.es\\\/blog\\\/\",\"name\":\"Blog DBAI \u2014 Noticias y tendencias en BI e IA\",\"isPartOf\":{\"@id\":\"https:\\\/\\\/dbai.es\\\/#website\"},\"primaryImageOfPage\":{\"@id\":\"https:\\\/\\\/dbai.es\\\/blog\\\/#primaryimage\"},\"image\":{\"@id\":\"https:\\\/\\\/dbai.es\\\/blog\\\/#primaryimage\"},\"thumbnailUrl\":\"https:\\\/\\\/dbai.es\\\/wp-content\\\/uploads\\\/2025\\\/11\\\/Captura-de-pantalla-2025-11-11-a-las-15.56.00-1024x639.png\",\"datePublished\":\"2025-11-11T22:03:36+00:00\",\"dateModified\":\"2025-12-04T14:29:12+00:00\",\"description\":\"Descubre art\u00edculos sobre Business Intelligence, IA y transformaci\u00f3n digital para tu empresa. \u00a1Empieza a leer sobre BI e IA en DBAI!\",\"breadcrumb\":{\"@id\":\"https:\\\/\\\/dbai.es\\\/blog\\\/#breadcrumb\"},\"inLanguage\":\"en-GB\",\"potentialAction\":[{\"@type\":\"ReadAction\",\"target\":[\"https:\\\/\\\/dbai.es\\\/blog\\\/\"]}]},{\"@type\":\"ImageObject\",\"inLanguage\":\"en-GB\",\"@id\":\"https:\\\/\\\/dbai.es\\\/blog\\\/#primaryimage\",\"url\":\"https:\\\/\\\/dbai.es\\\/wp-content\\\/uploads\\\/2025\\\/11\\\/Captura-de-pantalla-2025-11-11-a-las-15.56.00-1024x639.png\",\"contentUrl\":\"https:\\\/\\\/dbai.es\\\/wp-content\\\/uploads\\\/2025\\\/11\\\/Captura-de-pantalla-2025-11-11-a-las-15.56.00-1024x639.png\"},{\"@type\":\"BreadcrumbList\",\"@id\":\"https:\\\/\\\/dbai.es\\\/blog\\\/#breadcrumb\",\"itemListElement\":[{\"@type\":\"ListItem\",\"position\":1,\"name\":\"Portada\",\"item\":\"https:\\\/\\\/dbai.es\\\/\"},{\"@type\":\"ListItem\",\"position\":2,\"name\":\"Blog\"}]},{\"@type\":\"WebSite\",\"@id\":\"https:\\\/\\\/dbai.es\\\/#website\",\"url\":\"https:\\\/\\\/dbai.es\\\/\",\"name\":\"DBAI | Business Intelligence e Inteligencia Artificial para la Transformaci\u00f3n de Datos\",\"description\":\"En DBAI ayudamos a las empresas a convertir sus datos en decisiones estrat\u00e9gicas. Ofrecemos soluciones de BI, anal\u00edtica avanzada, modelos predictivos y aplicaciones de IA que optimizan la eficiencia y generan ventajas competitivas sostenibles.\",\"potentialAction\":[{\"@type\":\"SearchAction\",\"target\":{\"@type\":\"EntryPoint\",\"urlTemplate\":\"https:\\\/\\\/dbai.es\\\/?s={search_term_string}\"},\"query-input\":{\"@type\":\"PropertyValueSpecification\",\"valueRequired\":true,\"valueName\":\"search_term_string\"}}],\"inLanguage\":\"en-GB\"}]}<\/script>\n<!-- \/ Yoast SEO plugin. -->","yoast_head_json":{"title":"Blog DBAI \u2014 Noticias y tendencias en BI e IA","description":"Descubre art\u00edculos sobre Business Intelligence, IA y transformaci\u00f3n digital para tu empresa. \u00a1Empieza a leer sobre BI e IA en DBAI!","robots":{"index":"index","follow":"follow","max-snippet":"max-snippet:-1","max-image-preview":"max-image-preview:large","max-video-preview":"max-video-preview:-1"},"canonical":"https:\/\/dbai.es\/en\/blog\/","og_locale":"en_GB","og_type":"article","og_title":"Blog DBAI \u2014 Noticias y tendencias en BI e IA","og_description":"Descubre art\u00edculos sobre Business Intelligence, IA y transformaci\u00f3n digital para tu empresa. \u00a1Empieza a leer sobre BI e IA en DBAI!","og_url":"https:\/\/dbai.es\/en\/blog\/","og_site_name":"DBAI | Business Intelligence e Inteligencia Artificial para la Transformaci\u00f3n de Datos","article_modified_time":"2025-12-04T14:29:12+00:00","og_image":[{"url":"https:\/\/dbai.es\/wp-content\/uploads\/2025\/11\/Captura-de-pantalla-2025-11-11-a-las-15.56.00-1024x639.png","type":"","width":"","height":""}],"twitter_card":"summary_large_image","twitter_misc":{"Estimated reading time":"1 minute"},"schema":{"@context":"https:\/\/schema.org","@graph":[{"@type":"WebPage","@id":"https:\/\/dbai.es\/blog\/","url":"https:\/\/dbai.es\/blog\/","name":"Blog DBAI \u2014 Noticias y tendencias en BI e IA","isPartOf":{"@id":"https:\/\/dbai.es\/#website"},"primaryImageOfPage":{"@id":"https:\/\/dbai.es\/blog\/#primaryimage"},"image":{"@id":"https:\/\/dbai.es\/blog\/#primaryimage"},"thumbnailUrl":"https:\/\/dbai.es\/wp-content\/uploads\/2025\/11\/Captura-de-pantalla-2025-11-11-a-las-15.56.00-1024x639.png","datePublished":"2025-11-11T22:03:36+00:00","dateModified":"2025-12-04T14:29:12+00:00","description":"Descubre art\u00edculos sobre Business Intelligence, IA y transformaci\u00f3n digital para tu empresa. \u00a1Empieza a leer sobre BI e IA en DBAI!","breadcrumb":{"@id":"https:\/\/dbai.es\/blog\/#breadcrumb"},"inLanguage":"en-GB","potentialAction":[{"@type":"ReadAction","target":["https:\/\/dbai.es\/blog\/"]}]},{"@type":"ImageObject","inLanguage":"en-GB","@id":"https:\/\/dbai.es\/blog\/#primaryimage","url":"https:\/\/dbai.es\/wp-content\/uploads\/2025\/11\/Captura-de-pantalla-2025-11-11-a-las-15.56.00-1024x639.png","contentUrl":"https:\/\/dbai.es\/wp-content\/uploads\/2025\/11\/Captura-de-pantalla-2025-11-11-a-las-15.56.00-1024x639.png"},{"@type":"BreadcrumbList","@id":"https:\/\/dbai.es\/blog\/#breadcrumb","itemListElement":[{"@type":"ListItem","position":1,"name":"Portada","item":"https:\/\/dbai.es\/"},{"@type":"ListItem","position":2,"name":"Blog"}]},{"@type":"WebSite","@id":"https:\/\/dbai.es\/#website","url":"https:\/\/dbai.es\/","name":"DBAI | Business Intelligence e Inteligencia Artificial para la Transformaci\u00f3n de Datos","description":"En DBAI ayudamos a las empresas a convertir sus datos en decisiones estrat\u00e9gicas. Ofrecemos soluciones de BI, anal\u00edtica avanzada, modelos predictivos y aplicaciones de IA que optimizan la eficiencia y generan ventajas competitivas sostenibles.","potentialAction":[{"@type":"SearchAction","target":{"@type":"EntryPoint","urlTemplate":"https:\/\/dbai.es\/?s={search_term_string}"},"query-input":{"@type":"PropertyValueSpecification","valueRequired":true,"valueName":"search_term_string"}}],"inLanguage":"en-GB"}]}},"_links":{"self":[{"href":"https:\/\/dbai.es\/en\/wp-json\/wp\/v2\/pages\/155","targetHints":{"allow":["GET"]}}],"collection":[{"href":"https:\/\/dbai.es\/en\/wp-json\/wp\/v2\/pages"}],"about":[{"href":"https:\/\/dbai.es\/en\/wp-json\/wp\/v2\/types\/page"}],"author":[{"embeddable":true,"href":"https:\/\/dbai.es\/en\/wp-json\/wp\/v2\/users\/1"}],"replies":[{"embeddable":true,"href":"https:\/\/dbai.es\/en\/wp-json\/wp\/v2\/comments?post=155"}],"version-history":[{"count":8,"href":"https:\/\/dbai.es\/en\/wp-json\/wp\/v2\/pages\/155\/revisions"}],"predecessor-version":[{"id":421,"href":"https:\/\/dbai.es\/en\/wp-json\/wp\/v2\/pages\/155\/revisions\/421"}],"wp:attachment":[{"href":"https:\/\/dbai.es\/en\/wp-json\/wp\/v2\/media?parent=155"}],"curies":[{"name":"wp","href":"https:\/\/api.w.org\/{rel}","templated":true}]}}