{"id":282,"date":"2025-11-12T10:00:59","date_gmt":"2025-11-12T10:00:59","guid":{"rendered":"https:\/\/dbai.es\/?page_id=282"},"modified":"2025-12-04T14:27:49","modified_gmt":"2025-12-04T14:27:49","slug":"faq","status":"publish","type":"page","link":"https:\/\/dbai.es\/en\/faq\/","title":{"rendered":"FAQ"},"content":{"rendered":"<div data-elementor-type=\"wp-page\" data-elementor-id=\"282\" class=\"elementor elementor-282\" data-elementor-post-type=\"page\">\n\t\t\t\t<div class=\"elementor-element elementor-element-94e2183 e-flex e-con-boxed e-con e-parent\" data-id=\"94e2183\" data-element_type=\"container\" data-e-type=\"container\" data-settings=\"{&quot;background_background&quot;:&quot;classic&quot;}\">\n\t\t\t\t\t<div class=\"e-con-inner\">\n\t\t\t\t<div class=\"elementor-element elementor-element-4f758f4c elementor-icon-list--layout-inline elementor-align-center elementor-list-item-link-full_width elementor-invisible elementor-widget elementor-widget-icon-list\" data-id=\"4f758f4c\" data-element_type=\"widget\" data-e-type=\"widget\" data-settings=\"{&quot;_animation&quot;:&quot;fadeInUp&quot;,&quot;_animation_delay&quot;:100}\" data-widget_type=\"icon-list.default\">\n\t\t\t\t<div class=\"elementor-widget-container\">\n\t\t\t\t\t\t\t<ul class=\"elementor-icon-list-items elementor-inline-items\">\n\t\t\t\t\t\t\t<li class=\"elementor-icon-list-item elementor-inline-item\">\n\t\t\t\t\t\t\t\t\t\t\t<a href=\"https:\/\/dbai.es\/en\/\">\n\n\t\t\t\t\t\t\t\t\t\t\t<span class=\"elementor-icon-list-text\">Start<\/span>\n\t\t\t\t\t\t\t\t\t\t\t<\/a>\n\t\t\t\t\t\t\t\t\t<\/li>\n\t\t\t\t\t\t\t\t<li class=\"elementor-icon-list-item elementor-inline-item\">\n\t\t\t\t\t\t\t\t\t\t\t<a href=\"https:\/\/dbai.es\/en\/faq\/\">\n\n\t\t\t\t\t\t\t\t\t\t\t\t<span class=\"elementor-icon-list-icon\">\n\t\t\t\t\t\t\t<i aria-hidden=\"true\" class=\"icon icon-right-arrow\"><\/i>\t\t\t\t\t\t<\/span>\n\t\t\t\t\t\t\t\t\t\t<span class=\"elementor-icon-list-text\">FAQ<\/span>\n\t\t\t\t\t\t\t\t\t\t\t<\/a>\n\t\t\t\t\t\t\t\t\t<\/li>\n\t\t\t\t\t\t<\/ul>\n\t\t\t\t\t\t<\/div>\n\t\t\t\t<\/div>\n\t\t\t\t\t<\/div>\n\t\t\t\t<\/div>\n\t\t<div class=\"elementor-element elementor-element-1bed7917 e-flex e-con-boxed e-con e-parent\" data-id=\"1bed7917\" data-element_type=\"container\" data-e-type=\"container\" data-settings=\"{&quot;background_background&quot;:&quot;classic&quot;}\">\n\t\t\t\t\t<div class=\"e-con-inner\">\n\t\t<div class=\"elementor-element elementor-element-1568412d e-con-full e-flex elementor-invisible e-con e-child\" data-id=\"1568412d\" data-element_type=\"container\" data-e-type=\"container\" data-settings=\"{&quot;background_background&quot;:&quot;classic&quot;,&quot;animation&quot;:&quot;fadeInUp&quot;}\">\n\t\t\t\t<\/div>\n\t\t<div class=\"elementor-element elementor-element-60855329 e-con-full e-flex elementor-invisible e-con e-child\" data-id=\"60855329\" data-element_type=\"container\" data-e-type=\"container\" data-settings=\"{&quot;animation&quot;:&quot;fadeInUp&quot;,&quot;animation_delay&quot;:100}\">\n\t\t\t\t<div class=\"elementor-element elementor-element-672390fe elementor-widget elementor-widget-heading\" data-id=\"672390fe\" data-element_type=\"widget\" data-e-type=\"widget\" data-widget_type=\"heading.default\">\n\t\t\t\t<div class=\"elementor-widget-container\">\n\t\t\t\t\t<h2 class=\"elementor-heading-title elementor-size-default\">Frequently Asked Questions<\/h2>\t\t\t\t<\/div>\n\t\t\t\t<\/div>\n\t\t\t\t<div class=\"elementor-element elementor-element-a7847ea elementor-widget elementor-widget-text-editor\" data-id=\"a7847ea\" data-element_type=\"widget\" data-e-type=\"widget\" data-widget_type=\"text-editor.default\">\n\t\t\t\t<div class=\"elementor-widget-container\">\n\t\t\t\t\t\t\t\t\t<p>Our customers' most common questions about our data and artificial intelligence solutions. Find quick answers here and learn how we can help you drive your digital transformation.<\/p>\t\t\t\t\t\t\t\t<\/div>\n\t\t\t\t<\/div>\n\t\t<div class=\"elementor-element elementor-element-3ef19eb3 e-con-full e-flex elementor-invisible e-con e-child\" data-id=\"3ef19eb3\" data-element_type=\"container\" data-e-type=\"container\" data-settings=\"{&quot;animation&quot;:&quot;fadeInUp&quot;,&quot;animation_delay&quot;:200}\">\n\t\t\t\t<div class=\"elementor-element elementor-element-6e2a8e74 elementor-widget elementor-widget-elementskit-accordion\" data-id=\"6e2a8e74\" data-element_type=\"widget\" data-e-type=\"widget\" data-widget_type=\"elementskit-accordion.default\">\n\t\t\t\t<div class=\"elementor-widget-container\">\n\t\t\t\t\t<div class=\"ekit-wid-con\" >\n        <div class=\"elementskit-accordion accoedion-primary\" id=\"accordion-69e19a91be797\">\n\n            \n                <div class=\"elementskit-card\">\n                    <div class=\"elementskit-card-header\" id=\"primaryHeading-0-6e2a8e74\">\n                        <a href=\"#collapse-f2301cb69e19a91be797\" class=\"ekit-accordion--toggler elementskit-btn-link collapsed\" data-ekit-toggle=\"collapse\" data-target=\"#Collapse-f2301cb69e19a91be797\" aria-expanded=\"false\" aria-controls=\"Collapse-f2301cb69e19a91be797\">\n                            \n                            <span class=\"ekit-accordion-title\">What sets DBAI apart from other data and artificial intelligence consultancies?<\/span>\n\n                            \n                                <div class=\"ekit_accordion_icon_group\">\n                                    <div class=\"ekit_accordion_normal_icon\">\n                                        <!-- Normal Icon -->\n\t\t\t\t\t\t\t\t\t\t<i class=\"icon icon-plus\"><\/i>                                    <\/div>\n\n                                    <div class=\"ekit_accordion_active_icon\">\n                                        <!-- Active Icon -->\n\t\t\t\t\t\t\t\t\t\t<i class=\"icon icon-cross\"><\/i>                                    <\/div>\n                                <\/div>\n\n                            \n                                                    <\/a>\n                    <\/div>\n\n                    <div id=\"Collapse-f2301cb69e19a91be797\" class=\"collapse\" aria-labelledby=\"primaryHeading-0-6e2a8e74\" data-parent=\"#accordion-69e19a91be797\">\n\n                        <div class=\"elementskit-card-body ekit-accordion--content\">\n                            <p>Our difference lies in the combination of experience, personalized attention, and technology. We have accredited experts and over 10 years of experience, offering customized, scalable solutions focused on real results.<\/p>                        <\/div>\n\n                    <\/div>\n\n                <\/div><!-- .elementskit-card END -->\n\n                \n                <div class=\"elementskit-card\">\n                    <div class=\"elementskit-card-header\" id=\"primaryHeading-1-6e2a8e74\">\n                        <a href=\"#collapse-68ccdef69e19a91be797\" class=\"ekit-accordion--toggler elementskit-btn-link collapsed\" data-ekit-toggle=\"collapse\" data-target=\"#Collapse-68ccdef69e19a91be797\" aria-expanded=\"false\" aria-controls=\"Collapse-68ccdef69e19a91be797\">\n                            \n                            <span class=\"ekit-accordion-title\">What types of companies can benefit from DBAI solutions?<\/span>\n\n                            \n                                <div class=\"ekit_accordion_icon_group\">\n                                    <div class=\"ekit_accordion_normal_icon\">\n                                        <!-- Normal Icon -->\n\t\t\t\t\t\t\t\t\t\t<i class=\"icon icon-plus\"><\/i>                                    <\/div>\n\n                                    <div class=\"ekit_accordion_active_icon\">\n                                        <!-- Active Icon -->\n\t\t\t\t\t\t\t\t\t\t<i class=\"icon icon-cross\"><\/i>                                    <\/div>\n                                <\/div>\n\n                            \n                                                    <\/a>\n                    <\/div>\n\n                    <div id=\"Collapse-68ccdef69e19a91be797\" class=\"collapse\" aria-labelledby=\"primaryHeading-1-6e2a8e74\" data-parent=\"#accordion-69e19a91be797\">\n\n                        <div class=\"elementskit-card-body ekit-accordion--content\">\n                            <p>We work with organizations of all sizes and sectors \u2014 financial, industrial, distribution, e-commerce, retail and consumer \u2014 that want to leverage their data to optimize processes, improve efficiency and make decisions based on accurate information.<\/p>                        <\/div>\n\n                    <\/div>\n\n                <\/div><!-- .elementskit-card END -->\n\n                \n                <div class=\"elementskit-card\">\n                    <div class=\"elementskit-card-header\" id=\"primaryHeading-2-6e2a8e74\">\n                        <a href=\"#collapse-9ac536069e19a91be797\" class=\"ekit-accordion--toggler elementskit-btn-link collapsed\" data-ekit-toggle=\"collapse\" data-target=\"#Collapse-9ac536069e19a91be797\" aria-expanded=\"false\" aria-controls=\"Collapse-9ac536069e19a91be797\">\n                            \n                            <span class=\"ekit-accordion-title\">Do they offer consulting services or only solution development?<\/span>\n\n                            \n                                <div class=\"ekit_accordion_icon_group\">\n                                    <div class=\"ekit_accordion_normal_icon\">\n                                        <!-- Normal Icon -->\n\t\t\t\t\t\t\t\t\t\t<i class=\"icon icon-plus\"><\/i>                                    <\/div>\n\n                                    <div class=\"ekit_accordion_active_icon\">\n                                        <!-- Active Icon -->\n\t\t\t\t\t\t\t\t\t\t<i class=\"icon icon-cross\"><\/i>                                    <\/div>\n                                <\/div>\n\n                            \n                                                    <\/a>\n                    <\/div>\n\n                    <div id=\"Collapse-9ac536069e19a91be797\" class=\"collapse\" aria-labelledby=\"primaryHeading-2-6e2a8e74\" data-parent=\"#accordion-69e19a91be797\">\n\n                        <div class=\"elementskit-card-body ekit-accordion--content\">\n                            <p>We offer both. We can accompany you from the <strong>strategic consulting<\/strong> until the <strong>full implementation and maintenance<\/strong> of Business Intelligence and Artificial Intelligence solutions, adapting to the level of digital maturity of your company.<\/p>                        <\/div>\n\n                    <\/div>\n\n                <\/div><!-- .elementskit-card END -->\n\n                \n                <div class=\"elementskit-card\">\n                    <div class=\"elementskit-card-header\" id=\"primaryHeading-3-6e2a8e74\">\n                        <a href=\"#collapse-dda4ea469e19a91be797\" class=\"ekit-accordion--toggler elementskit-btn-link collapsed\" data-ekit-toggle=\"collapse\" data-target=\"#Collapse-dda4ea469e19a91be797\" aria-expanded=\"false\" aria-controls=\"Collapse-dda4ea469e19a91be797\">\n                            \n                            <span class=\"ekit-accordion-title\">Is it possible to integrate your solutions with the systems we already use in the company?<\/span>\n\n                            \n                                <div class=\"ekit_accordion_icon_group\">\n                                    <div class=\"ekit_accordion_normal_icon\">\n                                        <!-- Normal Icon -->\n\t\t\t\t\t\t\t\t\t\t<i class=\"icon icon-plus\"><\/i>                                    <\/div>\n\n                                    <div class=\"ekit_accordion_active_icon\">\n                                        <!-- Active Icon -->\n\t\t\t\t\t\t\t\t\t\t<i class=\"icon icon-cross\"><\/i>                                    <\/div>\n                                <\/div>\n\n                            \n                                                    <\/a>\n                    <\/div>\n\n                    <div id=\"Collapse-dda4ea469e19a91be797\" class=\"collapse\" aria-labelledby=\"primaryHeading-3-6e2a8e74\" data-parent=\"#accordion-69e19a91be797\">\n\n                        <div class=\"elementskit-card-body ekit-accordion--content\">\n                            <p>Yes. We design our solutions to integrate easily with your existing systems (ERP, CRM, databases, or other tools), ensuring rapid and seamless adoption of your operations.<\/p>                        <\/div>\n\n                    <\/div>\n\n                <\/div><!-- .elementskit-card END -->\n\n                \n                <div class=\"elementskit-card\">\n                    <div class=\"elementskit-card-header\" id=\"primaryHeading-4-6e2a8e74\">\n                        <a href=\"#collapse-2f4630c69e19a91be797\" class=\"ekit-accordion--toggler elementskit-btn-link collapsed\" data-ekit-toggle=\"collapse\" data-target=\"#Collapse-2f4630c69e19a91be797\" aria-expanded=\"false\" aria-controls=\"Collapse-2f4630c69e19a91be797\">\n                            \n                            <span class=\"ekit-accordion-title\">How long does it take to implement a BI or AI project?<\/span>\n\n                            \n                                <div class=\"ekit_accordion_icon_group\">\n                                    <div class=\"ekit_accordion_normal_icon\">\n                                        <!-- Normal Icon -->\n\t\t\t\t\t\t\t\t\t\t<i class=\"icon icon-plus\"><\/i>                                    <\/div>\n\n                                    <div class=\"ekit_accordion_active_icon\">\n                                        <!-- Active Icon -->\n\t\t\t\t\t\t\t\t\t\t<i class=\"icon icon-cross\"><\/i>                                    <\/div>\n                                <\/div>\n\n                            \n                                                    <\/a>\n                    <\/div>\n\n                    <div id=\"Collapse-2f4630c69e19a91be797\" class=\"collapse\" aria-labelledby=\"primaryHeading-4-6e2a8e74\" data-parent=\"#accordion-69e19a91be797\">\n\n                        <div class=\"elementskit-card-body ekit-accordion--content\">\n                            <p>It depends on the scope and complexity of the project. Some developments can be completed in a few weeks, while larger implementations require phases of analysis, development, and integration. In all cases, we offer clear planning and defined timelines from the outset.<\/p>                        <\/div>\n\n                    <\/div>\n\n                <\/div><!-- .elementskit-card END -->\n\n                \n                <div class=\"elementskit-card\">\n                    <div class=\"elementskit-card-header\" id=\"primaryHeading-5-6e2a8e74\">\n                        <a href=\"#collapse-89887bc69e19a91be797\" class=\"ekit-accordion--toggler elementskit-btn-link collapsed\" data-ekit-toggle=\"collapse\" data-target=\"#Collapse-89887bc69e19a91be797\" aria-expanded=\"false\" aria-controls=\"Collapse-89887bc69e19a91be797\">\n                            \n                            <span class=\"ekit-accordion-title\">Do they offer support or training after implementation?<\/span>\n\n                            \n                                <div class=\"ekit_accordion_icon_group\">\n                                    <div class=\"ekit_accordion_normal_icon\">\n                                        <!-- Normal Icon -->\n\t\t\t\t\t\t\t\t\t\t<i class=\"icon icon-plus\"><\/i>                                    <\/div>\n\n                                    <div class=\"ekit_accordion_active_icon\">\n                                        <!-- Active Icon -->\n\t\t\t\t\t\t\t\t\t\t<i class=\"icon icon-cross\"><\/i>                                    <\/div>\n                                <\/div>\n\n                            \n                                                    <\/a>\n                    <\/div>\n\n                    <div id=\"Collapse-89887bc69e19a91be797\" class=\"collapse\" aria-labelledby=\"primaryHeading-5-6e2a8e74\" data-parent=\"#accordion-69e19a91be797\">\n\n                        <div class=\"elementskit-card-body ekit-accordion--content\">\n                            <p>Yes. We provide <strong>technical support, ongoing maintenance and training<\/strong> to each client's team to ensure that the solutions are used optimally and evolve along with the needs of the business.<\/p>                        <\/div>\n\n                    <\/div>\n\n                <\/div><!-- .elementskit-card END -->\n\n                                        <\/div>\n    <\/div>\t\t\t\t<\/div>\n\t\t\t\t<\/div>\n\t\t\t\t<\/div>\n\t\t\t\t<\/div>\n\t\t\t\t\t<\/div>\n\t\t\t\t<\/div>\n\t\t\t\t<\/div>","protected":false},"excerpt":{"rendered":"<p>Inicio FAQ Preguntas frecuentes Las dudas m\u00e1s comunes de nuestros clientes sobre nuestras soluciones de datos e inteligencia artificial. Encuentra aqu\u00ed respuestas r\u00e1pidas y conoce c\u00f3mo podemos ayudarte a impulsar tu transformaci\u00f3n digital. \u00bfQu\u00e9 diferencia a DBAI de otras consultoras de datos e inteligencia artificial? Nuestra diferencia radica en la combinaci\u00f3n de experiencia, cercan\u00eda y&hellip;&nbsp;<\/p>","protected":false},"author":1,"featured_media":0,"parent":0,"menu_order":0,"comment_status":"closed","ping_status":"closed","template":"page-templates\/template-pagebuilder-full-width.php","meta":{"neve_meta_sidebar":"","neve_meta_container":"","neve_meta_enable_content_width":"off","neve_meta_content_width":100,"neve_meta_title_alignment":"","neve_meta_author_avatar":"","neve_post_elements_order":"","neve_meta_disable_header":"","neve_meta_disable_footer":"","neve_meta_disable_title":"","_joinchat":[],"footnotes":""},"class_list":["post-282","page","type-page","status-publish","hentry"],"yoast_head":"<!-- This site is optimized with the Yoast SEO plugin v27.4 - https:\/\/yoast.com\/product\/yoast-seo-wordpress\/ -->\n<title>Preguntas Frecuentes | DBAI BI &amp; IA<\/title>\n<meta name=\"description\" content=\"Resuelve tus dudas sobre nuestros servicios de Business Intelligence e Inteligencia Artificial. \u00a1Descubre todo aqu\u00ed ahora mismo!\" \/>\n<meta name=\"robots\" content=\"index, follow, max-snippet:-1, max-image-preview:large, max-video-preview:-1\" \/>\n<link rel=\"canonical\" href=\"https:\/\/dbai.es\/en\/faq\/\" \/>\n<meta property=\"og:locale\" content=\"en_GB\" \/>\n<meta property=\"og:type\" content=\"article\" \/>\n<meta property=\"og:title\" content=\"Preguntas Frecuentes | DBAI BI &amp; IA\" \/>\n<meta property=\"og:description\" content=\"Resuelve tus dudas sobre nuestros servicios de Business Intelligence e Inteligencia Artificial. \u00a1Descubre todo aqu\u00ed ahora mismo!\" \/>\n<meta property=\"og:url\" content=\"https:\/\/dbai.es\/en\/faq\/\" \/>\n<meta property=\"og:site_name\" content=\"DBAI | Business Intelligence e Inteligencia Artificial para la Transformaci\u00f3n de Datos\" \/>\n<meta property=\"article:modified_time\" content=\"2025-12-04T14:27:49+00:00\" \/>\n<meta name=\"twitter:card\" content=\"summary_large_image\" \/>\n<meta name=\"twitter:label1\" content=\"Estimated reading time\" \/>\n\t<meta name=\"twitter:data1\" content=\"2 minutes\" \/>\n<script type=\"application\/ld+json\" class=\"yoast-schema-graph\">{\"@context\":\"https:\\\/\\\/schema.org\",\"@graph\":[{\"@type\":\"WebPage\",\"@id\":\"https:\\\/\\\/dbai.es\\\/faq\\\/\",\"url\":\"https:\\\/\\\/dbai.es\\\/faq\\\/\",\"name\":\"Preguntas Frecuentes | DBAI BI & IA\",\"isPartOf\":{\"@id\":\"https:\\\/\\\/dbai.es\\\/#website\"},\"datePublished\":\"2025-11-12T10:00:59+00:00\",\"dateModified\":\"2025-12-04T14:27:49+00:00\",\"description\":\"Resuelve tus dudas sobre nuestros servicios de Business Intelligence e Inteligencia Artificial. \u00a1Descubre todo aqu\u00ed ahora mismo!\",\"breadcrumb\":{\"@id\":\"https:\\\/\\\/dbai.es\\\/faq\\\/#breadcrumb\"},\"inLanguage\":\"en-GB\",\"potentialAction\":[{\"@type\":\"ReadAction\",\"target\":[\"https:\\\/\\\/dbai.es\\\/faq\\\/\"]}]},{\"@type\":\"BreadcrumbList\",\"@id\":\"https:\\\/\\\/dbai.es\\\/faq\\\/#breadcrumb\",\"itemListElement\":[{\"@type\":\"ListItem\",\"position\":1,\"name\":\"Portada\",\"item\":\"https:\\\/\\\/dbai.es\\\/\"},{\"@type\":\"ListItem\",\"position\":2,\"name\":\"FAQ\"}]},{\"@type\":\"WebSite\",\"@id\":\"https:\\\/\\\/dbai.es\\\/#website\",\"url\":\"https:\\\/\\\/dbai.es\\\/\",\"name\":\"DBAI | Business Intelligence e Inteligencia Artificial para la Transformaci\u00f3n de Datos\",\"description\":\"En DBAI ayudamos a las empresas a convertir sus datos en decisiones estrat\u00e9gicas. Ofrecemos soluciones de BI, anal\u00edtica avanzada, modelos predictivos y aplicaciones de IA que optimizan la eficiencia y generan ventajas competitivas sostenibles.\",\"potentialAction\":[{\"@type\":\"SearchAction\",\"target\":{\"@type\":\"EntryPoint\",\"urlTemplate\":\"https:\\\/\\\/dbai.es\\\/?s={search_term_string}\"},\"query-input\":{\"@type\":\"PropertyValueSpecification\",\"valueRequired\":true,\"valueName\":\"search_term_string\"}}],\"inLanguage\":\"en-GB\"}]}<\/script>\n<!-- \/ Yoast SEO plugin. -->","yoast_head_json":{"title":"Preguntas Frecuentes | DBAI BI & IA","description":"Resuelve tus dudas sobre nuestros servicios de Business Intelligence e Inteligencia Artificial. \u00a1Descubre todo aqu\u00ed ahora mismo!","robots":{"index":"index","follow":"follow","max-snippet":"max-snippet:-1","max-image-preview":"max-image-preview:large","max-video-preview":"max-video-preview:-1"},"canonical":"https:\/\/dbai.es\/en\/faq\/","og_locale":"en_GB","og_type":"article","og_title":"Preguntas Frecuentes | DBAI BI & IA","og_description":"Resuelve tus dudas sobre nuestros servicios de Business Intelligence e Inteligencia Artificial. \u00a1Descubre todo aqu\u00ed ahora mismo!","og_url":"https:\/\/dbai.es\/en\/faq\/","og_site_name":"DBAI | Business Intelligence e Inteligencia Artificial para la Transformaci\u00f3n de Datos","article_modified_time":"2025-12-04T14:27:49+00:00","twitter_card":"summary_large_image","twitter_misc":{"Estimated reading time":"2 minutes"},"schema":{"@context":"https:\/\/schema.org","@graph":[{"@type":"WebPage","@id":"https:\/\/dbai.es\/faq\/","url":"https:\/\/dbai.es\/faq\/","name":"Preguntas Frecuentes | DBAI BI & IA","isPartOf":{"@id":"https:\/\/dbai.es\/#website"},"datePublished":"2025-11-12T10:00:59+00:00","dateModified":"2025-12-04T14:27:49+00:00","description":"Resuelve tus dudas sobre nuestros servicios de Business Intelligence e Inteligencia Artificial. \u00a1Descubre todo aqu\u00ed ahora mismo!","breadcrumb":{"@id":"https:\/\/dbai.es\/faq\/#breadcrumb"},"inLanguage":"en-GB","potentialAction":[{"@type":"ReadAction","target":["https:\/\/dbai.es\/faq\/"]}]},{"@type":"BreadcrumbList","@id":"https:\/\/dbai.es\/faq\/#breadcrumb","itemListElement":[{"@type":"ListItem","position":1,"name":"Portada","item":"https:\/\/dbai.es\/"},{"@type":"ListItem","position":2,"name":"FAQ"}]},{"@type":"WebSite","@id":"https:\/\/dbai.es\/#website","url":"https:\/\/dbai.es\/","name":"DBAI | Business Intelligence e Inteligencia Artificial para la Transformaci\u00f3n de Datos","description":"En DBAI ayudamos a las empresas a convertir sus datos en decisiones estrat\u00e9gicas. Ofrecemos soluciones de BI, anal\u00edtica avanzada, modelos predictivos y aplicaciones de IA que optimizan la eficiencia y generan ventajas competitivas sostenibles.","potentialAction":[{"@type":"SearchAction","target":{"@type":"EntryPoint","urlTemplate":"https:\/\/dbai.es\/?s={search_term_string}"},"query-input":{"@type":"PropertyValueSpecification","valueRequired":true,"valueName":"search_term_string"}}],"inLanguage":"en-GB"}]}},"_links":{"self":[{"href":"https:\/\/dbai.es\/en\/wp-json\/wp\/v2\/pages\/282","targetHints":{"allow":["GET"]}}],"collection":[{"href":"https:\/\/dbai.es\/en\/wp-json\/wp\/v2\/pages"}],"about":[{"href":"https:\/\/dbai.es\/en\/wp-json\/wp\/v2\/types\/page"}],"author":[{"embeddable":true,"href":"https:\/\/dbai.es\/en\/wp-json\/wp\/v2\/users\/1"}],"replies":[{"embeddable":true,"href":"https:\/\/dbai.es\/en\/wp-json\/wp\/v2\/comments?post=282"}],"version-history":[{"count":5,"href":"https:\/\/dbai.es\/en\/wp-json\/wp\/v2\/pages\/282\/revisions"}],"predecessor-version":[{"id":418,"href":"https:\/\/dbai.es\/en\/wp-json\/wp\/v2\/pages\/282\/revisions\/418"}],"wp:attachment":[{"href":"https:\/\/dbai.es\/en\/wp-json\/wp\/v2\/media?parent=282"}],"curies":[{"name":"wp","href":"https:\/\/api.w.org\/{rel}","templated":true}]}}