{"id":3,"date":"2024-08-28T12:05:53","date_gmt":"2024-08-28T12:05:53","guid":{"rendered":"https:\/\/revolutionsoft.shop\/?page_id=3"},"modified":"2025-11-24T16:10:48","modified_gmt":"2025-11-24T16:10:48","slug":"politica-de-privacidad","status":"publish","type":"page","link":"https:\/\/dbai.es\/en\/politica-de-privacidad\/","title":{"rendered":"Privacy Policy"},"content":{"rendered":"<p data-start=\"134\" data-end=\"426\"><strong data-start=\"134\" data-end=\"171\">RODRIGO EDGARDO HERNANDEZ JIMENEZ<\/strong> is committed to protecting your privacy.<br data-start=\"211\" data-end=\"214\" \/>This Policy explains how we handle the personal information we collect through our website and other digital channels, in accordance with Regulation (EU) 2016\/679 (GDPR) and Organic Law 3\/2018 (LOPDGDD).<\/p>\n<hr data-start=\"428\" data-end=\"431\" \/>\n<h3 data-start=\"433\" data-end=\"470\"><strong data-start=\"436\" data-end=\"470\">1) Data Controller<\/strong><\/h3>\n<p data-start=\"472\" data-end=\"721\"><strong data-start=\"472\" data-end=\"488\">Responsible:<\/strong> RODRIGO EDGARDO HERNANDEZ JIMENEZ<br data-start=\"522\" data-end=\"525\" \/><strong data-start=\"525\" data-end=\"537\">NIF\/NIGHT:<\/strong> 60282597B<br data-start=\"547\" data-end=\"550\" \/><strong data-start=\"550\" data-end=\"564\">Home:<\/strong> CARRER L'ARC DEL TEATRE 18B, 08001, Spain<br data-start=\"607\" data-end=\"610\" \/><strong data-start=\"610\" data-end=\"633\">Email:<\/strong> <a class=\"decorated-link cursor-pointer\" rel=\"noopener\" data-start=\"634\" data-end=\"661\">rodrigo.edgardohj@gmail.com<\/a><br data-start=\"661\" data-end=\"664\" \/><strong data-start=\"664\" data-end=\"677\">Telephone:<\/strong> +34 607 527 287<br data-start=\"693\" data-end=\"696\" \/><strong data-start=\"696\" data-end=\"704\">Web:<\/strong> <a class=\"decorated-link\" href=\"https:\/\/dbai.es\/en\/\" target=\"_new\" rel=\"noopener\" data-start=\"705\" data-end=\"721\">https:\/\/dbai.es\/<\/a><\/p>\n<p data-start=\"723\" data-end=\"831\">If an additional NIF\/NIT is used, it will only be indicated when relevant to the processing.<\/p>\n<hr data-start=\"833\" data-end=\"836\" \/>\n<h3 data-start=\"838\" data-end=\"873\"><strong data-start=\"841\" data-end=\"873\">2) Data We Can Collect<\/strong><\/h3>\n<ul data-start=\"874\" data-end=\"1380\">\n<li data-start=\"874\" data-end=\"967\">\n<p data-start=\"876\" data-end=\"967\"><strong data-start=\"876\" data-end=\"910\">Identification and contact information:<\/strong> name and surname, email, telephone, postal address.<\/p>\n<\/li>\n<li data-start=\"968\" data-end=\"1121\">\n<p data-start=\"970\" data-end=\"1121\"><strong data-start=\"970\" data-end=\"996\">Transactional data:<\/strong> order, payment and billing information (without storing full card details if a payment gateway is used).<\/p>\n<\/li>\n<li data-start=\"1122\" data-end=\"1207\">\n<p data-start=\"1124\" data-end=\"1207\"><strong data-start=\"1124\" data-end=\"1161\">Preferences and business data:<\/strong> interests, subscriptions and consents.<\/p>\n<\/li>\n<li data-start=\"1208\" data-end=\"1380\">\n<p data-start=\"1210\" data-end=\"1380\"><strong data-start=\"1210\" data-end=\"1245\">Technical and navigation data:<\/strong> IP address, device identifiers, browser, pages visited, cookies and similar technologies (see Cookie Policy).<\/p>\n<\/li>\n<\/ul>\n<hr data-start=\"1382\" data-end=\"1385\" \/>\n<h3 data-start=\"1387\" data-end=\"1424\"><strong data-start=\"1390\" data-end=\"1424\">3) Purposes of the Processing<\/strong><\/h3>\n<ul data-start=\"1425\" data-end=\"1998\">\n<li data-start=\"1425\" data-end=\"1524\">\n<p data-start=\"1427\" data-end=\"1524\"><strong data-start=\"1427\" data-end=\"1474\">Customer service and inquiry management:<\/strong> respond to requests for information or support.<\/p>\n<\/li>\n<li data-start=\"1525\" data-end=\"1626\">\n<p data-start=\"1527\" data-end=\"1626\"><strong data-start=\"1527\" data-end=\"1562\">Contract\/order execution:<\/strong> process purchases, deliveries, billing and after-sales service.<\/p>\n<\/li>\n<li data-start=\"1627\" data-end=\"1729\">\n<p data-start=\"1629\" data-end=\"1729\"><strong data-start=\"1629\" data-end=\"1662\">Site and service improvements:<\/strong> internal analysis, maintenance, security and quality control.<\/p>\n<\/li>\n<li data-start=\"1730\" data-end=\"1873\">\n<p data-start=\"1732\" data-end=\"1873\"><strong data-start=\"1732\" data-end=\"1775\">Commercial communications (marketing):<\/strong> sending news, offers or updates (only with your consent or equivalent legal protection).<\/p>\n<\/li>\n<li data-start=\"1874\" data-end=\"1998\">\n<p data-start=\"1876\" data-end=\"1998\"><strong data-start=\"1876\" data-end=\"1899\">Legal compliance:<\/strong> accounting, tax, consumer, information security and fraud prevention obligations.<\/p>\n<\/li>\n<\/ul>\n<hr data-start=\"2000\" data-end=\"2003\" \/>\n<h3 data-start=\"2005\" data-end=\"2028\"><strong data-start=\"2008\" data-end=\"2028\">4) Legal Basis<\/strong><\/h3>\n<ul data-start=\"2029\" data-end=\"2503\">\n<li data-start=\"2029\" data-end=\"2140\">\n<p data-start=\"2031\" data-end=\"2140\"><strong data-start=\"2031\" data-end=\"2068\">Consent (art. 6.1.a GDPR):<\/strong> contact forms, newsletters, non-technical cookies, marketing.<\/p>\n<\/li>\n<li data-start=\"2141\" data-end=\"2268\">\n<p data-start=\"2143\" data-end=\"2268\"><strong data-start=\"2143\" data-end=\"2212\">Performance of a contract or pre-contractual measures (art. 6.1.b):<\/strong> orders, customer service related to purchases.<\/p>\n<\/li>\n<li data-start=\"2269\" data-end=\"2359\">\n<p data-start=\"2271\" data-end=\"2359\"><strong data-start=\"2271\" data-end=\"2321\">Compliance with legal obligation (art. 6.1.c):<\/strong> invoicing, taxation, guarantees.<\/p>\n<\/li>\n<li data-start=\"2360\" data-end=\"2503\">\n<p data-start=\"2362\" data-end=\"2503\"><strong data-start=\"2362\" data-end=\"2396\">Legitimate interest (art. 6.1.f):<\/strong> security, fraud prevention, quality improvement and usability (balancing while respecting your rights).<\/p>\n<\/li>\n<\/ul>\n<hr data-start=\"2505\" data-end=\"2508\" \/>\n<h3 data-start=\"2510\" data-end=\"2546\"><strong data-start=\"2513\" data-end=\"2546\">5) Recipients and those in charge<\/strong><\/h3>\n<p data-start=\"2547\" data-end=\"2574\">We may share data with:<\/p>\n<ul data-start=\"2576\" data-end=\"2870\">\n<li data-start=\"2576\" data-end=\"2658\">\n<p data-start=\"2578\" data-end=\"2658\">Public administrations and judicial bodies when there is a legal obligation.<\/p>\n<\/li>\n<li data-start=\"2659\" data-end=\"2870\">\n<p data-start=\"2661\" data-end=\"2870\">Suppliers acting as <strong data-start=\"2689\" data-end=\"2719\">those responsible for the treatment<\/strong>, such as:<br data-start=\"2732\" data-end=\"2735\" \/>Web hosting, IT maintenance, courier\/parcel services, email platforms, analytics or CRM tools, payment gateways.<\/p>\n<\/li>\n<\/ul>\n<p data-start=\"2872\" data-end=\"2984\">These third parties will process the data following our instructions and with contractual guarantees (art. 28 GDPR).<\/p>\n<hr data-start=\"2986\" data-end=\"2989\" \/>\n<h3 data-start=\"2991\" data-end=\"3031\"><strong data-start=\"2994\" data-end=\"3031\">6) International Transfers<\/strong><\/h3>\n<p data-start=\"3032\" data-end=\"3248\">If we use suppliers located outside the EEA, an adequate level will be ensured through European Commission Adequacy Decisions and\/or Standard Contractual Clauses, or other guarantees recognized by the GDPR.<\/p>\n<hr data-start=\"3250\" data-end=\"3253\" \/>\n<h3 data-start=\"3255\" data-end=\"3290\"><strong data-start=\"3258\" data-end=\"3290\">7) Data Retention<\/strong><\/h3>\n<ul data-start=\"3291\" data-end=\"3676\">\n<li data-start=\"3291\" data-end=\"3416\">\n<p data-start=\"3293\" data-end=\"3416\"><strong data-start=\"3293\" data-end=\"3318\">Customer service and inquiries:<\/strong> until the request is resolved and, where applicable, for the limitation periods of liability.<\/p>\n<\/li>\n<li data-start=\"3417\" data-end=\"3532\">\n<p data-start=\"3419\" data-end=\"3532\"><strong data-start=\"3419\" data-end=\"3446\">Customers and billing:<\/strong> during the contractual relationship and the periods required by law (tax\/accounting).<\/p>\n<\/li>\n<li data-start=\"3533\" data-end=\"3616\">\n<p data-start=\"3535\" data-end=\"3616\"><strong data-start=\"3535\" data-end=\"3549\">Marketing:<\/strong> until you withdraw your consent or object to the treatment.<\/p>\n<\/li>\n<li data-start=\"3617\" data-end=\"3676\">\n<p data-start=\"3619\" data-end=\"3676\"><strong data-start=\"3619\" data-end=\"3631\">Cookies:<\/strong> as indicated in the Cookie Policy.<\/p>\n<\/li>\n<\/ul>\n<hr data-start=\"3678\" data-end=\"3681\" \/>\n<h3 data-start=\"3683\" data-end=\"3726\"><strong data-start=\"3686\" data-end=\"3726\">8) Rights of Users<\/strong><\/h3>\n<p data-start=\"3727\" data-end=\"3764\">You can exercise this right at any time:<\/p>\n<ul data-start=\"3766\" data-end=\"3934\">\n<li data-start=\"3766\" data-end=\"3776\">\n<p data-start=\"3768\" data-end=\"3776\">Access<\/p>\n<\/li>\n<li data-start=\"3777\" data-end=\"3794\">\n<p data-start=\"3779\" data-end=\"3794\">Rectification<\/p>\n<\/li>\n<li data-start=\"3795\" data-end=\"3828\">\n<p data-start=\"3797\" data-end=\"3828\">Erasure (right to be forgotten)<\/p>\n<\/li>\n<li data-start=\"3829\" data-end=\"3859\">\n<p data-start=\"3831\" data-end=\"3859\">Limitation of treatment<\/p>\n<\/li>\n<li data-start=\"3860\" data-end=\"3917\">\n<p data-start=\"3862\" data-end=\"3917\">Opposition (including opposition for commercial purposes)<\/p>\n<\/li>\n<li data-start=\"3918\" data-end=\"3934\">\n<p data-start=\"3920\" data-end=\"3934\">Portability<\/p>\n<\/li>\n<\/ul>\n<p data-start=\"3936\" data-end=\"4102\">To exercise your rights, write to <strong data-start=\"3975\" data-end=\"4006\"><a class=\"decorated-link cursor-pointer\" rel=\"noopener\" data-start=\"3977\" data-end=\"4004\">rodrigo.edgardohj@gmail.com<\/a><\/strong> indicating the right you wish to exercise and attaching a document proving your identity.<\/p>\n<p data-start=\"4104\" data-end=\"4207\">You also have the right to file a complaint with the Spanish Data Protection Agency (AEPD): <a class=\"decorated-link\" href=\"http:\/\/www.aepd.es\" target=\"_new\" rel=\"noopener\" data-start=\"4196\" data-end=\"4207\">www.aepd.es<\/a><\/p>\n<hr data-start=\"4209\" data-end=\"4212\" \/>\n<h3 data-start=\"4214\" data-end=\"4233\"><strong data-start=\"4217\" data-end=\"4233\">9) Security<\/strong><\/h3>\n<p data-start=\"4234\" data-end=\"4456\">We apply appropriate technical and organizational measures to protect data against unauthorized access, loss, disclosure or alteration, taking into account the nature of the data and the risks of processing.<\/p>\n<hr data-start=\"4458\" data-end=\"4461\" \/>\n<h3 data-start=\"4463\" data-end=\"4489\"><strong data-start=\"4466\" data-end=\"4489\">10) Minors<\/strong><\/h3>\n<p data-start=\"4490\" data-end=\"4678\">Our services are not directed to minors without the consent of their mother, father, or legal guardian. If we detect data from minors without such consent, we will delete it.<\/p>\n<hr data-start=\"4680\" data-end=\"4683\" \/>\n<h3 data-start=\"4685\" data-end=\"4732\"><strong data-start=\"4688\" data-end=\"4732\">11) Social Networks and Third-Party Channels<\/strong><\/h3>\n<p data-start=\"4733\" data-end=\"4956\">The presence of <strong data-start=\"4749\" data-end=\"4786\">RODRIGO EDGARDO HERNANDEZ JIMENEZ<\/strong> On social media, usage is governed by the terms and policies of each platform. The processing of data by these platforms is the responsibility of each provider.<\/p>\n<hr data-start=\"4958\" data-end=\"4961\" \/>\n<h3 data-start=\"4963\" data-end=\"5024\"><strong data-start=\"4966\" data-end=\"5024\">12) Automated Decisions and Profiling<\/strong><\/h3>\n<p data-start=\"5025\" data-end=\"5307\">No automated decisions with legal effects are made, nor are profiles created that produce significant effects, beyond basic consented marketing segmentations (e.g., category subscriptions).<br data-start=\"5241\" data-end=\"5244\" \/>If they are implemented at any point, you will be informed in advance.<\/p>\n<hr data-start=\"5309\" data-end=\"5312\" \/>\n<h3 data-start=\"5314\" data-end=\"5332\"><strong data-start=\"5317\" data-end=\"5332\">13) Cookies<\/strong><\/h3>\n<p data-start=\"5333\" data-end=\"5546\">We use cookies and similar technologies for technical, preference, analytical, and marketing purposes (where applicable). You can manage your preferences in the cookie banner. More information is available in the Cookie Policy.<\/p>\n<hr data-start=\"5548\" data-end=\"5551\" \/>\n<h3 data-start=\"5553\" data-end=\"5588\"><strong data-start=\"5556\" data-end=\"5588\">14) Changes to this Policy<\/strong><\/h3>\n<p data-start=\"5589\" data-end=\"5789\">We may update this Policy to reflect legal or treatment changes. We will post the current version on this page with its update date. We recommend that you review it periodically.<\/p>\n<hr data-start=\"5791\" data-end=\"5794\" \/>\n<h3 data-start=\"5796\" data-end=\"5815\"><strong data-start=\"5799\" data-end=\"5815\">15) Contact<\/strong><\/h3>\n<p data-start=\"5816\" data-end=\"5905\">For any questions related to this Policy or the exercise of your rights:<\/p>\n<p data-start=\"5907\" data-end=\"6058\"><strong data-start=\"5907\" data-end=\"5944\">RODRIGO EDGARDO HERNANDEZ JIMENEZ<\/strong><br data-start=\"5944\" data-end=\"5947\" \/>CARRER L'ARC DEL TEATRE 18B, 08001, Spain<br data-start=\"5989\" data-end=\"5992\" \/>Email: <strong data-start=\"5999\" data-end=\"6030\"><a class=\"decorated-link cursor-pointer\" rel=\"noopener\" data-start=\"6001\" data-end=\"6028\">rodrigo.edgardohj@gmail.com<\/a><\/strong><br data-start=\"6030\" data-end=\"6033\" \/>Tel.: <strong data-start=\"6039\" data-end=\"6058\">+34 607 527 287<\/strong><\/p>","protected":false},"excerpt":{"rendered":"<p>RODRIGO EDGARDO HERNANDEZ JIMENEZ se compromete a proteger tu privacidad.Esta Pol\u00edtica explica c\u00f3mo tratamos la informaci\u00f3n personal que recabamos a trav\u00e9s de nuestro sitio web y otros canales digitales, conforme al Reglamento (UE) 2016\/679 (RGPD) y a la Ley Org\u00e1nica 3\/2018 (LOPDGDD). 1) Responsable del Tratamiento Responsable: RODRIGO EDGARDO HERNANDEZ JIMENEZNIF\/NIT: 60282597BDomicilio: CARRER L&#8217;ARC DEL&hellip;&nbsp;<\/p>","protected":false},"author":1,"featured_media":0,"parent":0,"menu_order":0,"comment_status":"closed","ping_status":"open","template":"","meta":{"neve_meta_sidebar":"","neve_meta_container":"","neve_meta_enable_content_width":"off","neve_meta_content_width":100,"neve_meta_title_alignment":"","neve_meta_author_avatar":"","neve_post_elements_order":"","neve_meta_disable_header":"","neve_meta_disable_footer":"","neve_meta_disable_title":"","_joinchat":[],"footnotes":""},"class_list":["post-3","page","type-page","status-publish","hentry"],"yoast_head":"<!-- This site is optimized with the Yoast SEO plugin v27.4 - https:\/\/yoast.com\/product\/yoast-seo-wordpress\/ -->\n<title>Pol\u00edtica de Privacidad - DBAI | Business Intelligence e Inteligencia Artificial para la Transformaci\u00f3n de Datos<\/title>\n<meta name=\"robots\" content=\"index, follow, max-snippet:-1, max-image-preview:large, max-video-preview:-1\" \/>\n<link rel=\"canonical\" href=\"https:\/\/dbai.es\/en\/politica-de-privacidad\/\" \/>\n<meta property=\"og:locale\" content=\"en_GB\" \/>\n<meta property=\"og:type\" content=\"article\" \/>\n<meta property=\"og:title\" content=\"Pol\u00edtica de Privacidad - DBAI | Business Intelligence e Inteligencia Artificial para la Transformaci\u00f3n de Datos\" \/>\n<meta property=\"og:description\" content=\"RODRIGO EDGARDO HERNANDEZ JIMENEZ se compromete a proteger tu privacidad.Esta Pol\u00edtica explica c\u00f3mo tratamos la informaci\u00f3n personal que recabamos a trav\u00e9s de nuestro sitio web y otros canales digitales, conforme al Reglamento (UE) 2016\/679 (RGPD) y a la Ley Org\u00e1nica 3\/2018 (LOPDGDD). 1) Responsable del Tratamiento Responsable: RODRIGO EDGARDO HERNANDEZ JIMENEZNIF\/NIT: 60282597BDomicilio: CARRER L&#8217;ARC DEL&hellip;&nbsp;\" \/>\n<meta property=\"og:url\" content=\"https:\/\/dbai.es\/en\/politica-de-privacidad\/\" \/>\n<meta property=\"og:site_name\" content=\"DBAI | Business Intelligence e Inteligencia Artificial para la Transformaci\u00f3n de Datos\" \/>\n<meta property=\"article:modified_time\" content=\"2025-11-24T16:10:48+00:00\" \/>\n<meta name=\"twitter:card\" content=\"summary_large_image\" \/>\n<meta name=\"twitter:label1\" content=\"Estimated reading time\" \/>\n\t<meta name=\"twitter:data1\" content=\"4 minutes\" \/>\n<script type=\"application\/ld+json\" class=\"yoast-schema-graph\">{\"@context\":\"https:\\\/\\\/schema.org\",\"@graph\":[{\"@type\":\"WebPage\",\"@id\":\"https:\\\/\\\/dbai.es\\\/politica-de-privacidad\\\/\",\"url\":\"https:\\\/\\\/dbai.es\\\/politica-de-privacidad\\\/\",\"name\":\"Pol\u00edtica de Privacidad - DBAI | Business Intelligence e Inteligencia Artificial para la Transformaci\u00f3n de Datos\",\"isPartOf\":{\"@id\":\"https:\\\/\\\/dbai.es\\\/#website\"},\"datePublished\":\"2024-08-28T12:05:53+00:00\",\"dateModified\":\"2025-11-24T16:10:48+00:00\",\"breadcrumb\":{\"@id\":\"https:\\\/\\\/dbai.es\\\/politica-de-privacidad\\\/#breadcrumb\"},\"inLanguage\":\"en-GB\",\"potentialAction\":[{\"@type\":\"ReadAction\",\"target\":[\"https:\\\/\\\/dbai.es\\\/politica-de-privacidad\\\/\"]}]},{\"@type\":\"BreadcrumbList\",\"@id\":\"https:\\\/\\\/dbai.es\\\/politica-de-privacidad\\\/#breadcrumb\",\"itemListElement\":[{\"@type\":\"ListItem\",\"position\":1,\"name\":\"Portada\",\"item\":\"https:\\\/\\\/dbai.es\\\/\"},{\"@type\":\"ListItem\",\"position\":2,\"name\":\"Pol\u00edtica de Privacidad\"}]},{\"@type\":\"WebSite\",\"@id\":\"https:\\\/\\\/dbai.es\\\/#website\",\"url\":\"https:\\\/\\\/dbai.es\\\/\",\"name\":\"DBAI | Business Intelligence e Inteligencia Artificial para la Transformaci\u00f3n de Datos\",\"description\":\"En DBAI ayudamos a las empresas a convertir sus datos en decisiones estrat\u00e9gicas. Ofrecemos soluciones de BI, anal\u00edtica avanzada, modelos predictivos y aplicaciones de IA que optimizan la eficiencia y generan ventajas competitivas sostenibles.\",\"potentialAction\":[{\"@type\":\"SearchAction\",\"target\":{\"@type\":\"EntryPoint\",\"urlTemplate\":\"https:\\\/\\\/dbai.es\\\/?s={search_term_string}\"},\"query-input\":{\"@type\":\"PropertyValueSpecification\",\"valueRequired\":true,\"valueName\":\"search_term_string\"}}],\"inLanguage\":\"en-GB\"}]}<\/script>\n<!-- \/ Yoast SEO plugin. -->","yoast_head_json":{"title":"Pol\u00edtica de Privacidad - DBAI | Business Intelligence e Inteligencia Artificial para la Transformaci\u00f3n de Datos","robots":{"index":"index","follow":"follow","max-snippet":"max-snippet:-1","max-image-preview":"max-image-preview:large","max-video-preview":"max-video-preview:-1"},"canonical":"https:\/\/dbai.es\/en\/politica-de-privacidad\/","og_locale":"en_GB","og_type":"article","og_title":"Pol\u00edtica de Privacidad - DBAI | Business Intelligence e Inteligencia Artificial para la Transformaci\u00f3n de Datos","og_description":"RODRIGO EDGARDO HERNANDEZ JIMENEZ se compromete a proteger tu privacidad.Esta Pol\u00edtica explica c\u00f3mo tratamos la informaci\u00f3n personal que recabamos a trav\u00e9s de nuestro sitio web y otros canales digitales, conforme al Reglamento (UE) 2016\/679 (RGPD) y a la Ley Org\u00e1nica 3\/2018 (LOPDGDD). 1) Responsable del Tratamiento Responsable: RODRIGO EDGARDO HERNANDEZ JIMENEZNIF\/NIT: 60282597BDomicilio: CARRER L&#8217;ARC DEL&hellip;&nbsp;","og_url":"https:\/\/dbai.es\/en\/politica-de-privacidad\/","og_site_name":"DBAI | Business Intelligence e Inteligencia Artificial para la Transformaci\u00f3n de Datos","article_modified_time":"2025-11-24T16:10:48+00:00","twitter_card":"summary_large_image","twitter_misc":{"Estimated reading time":"4 minutes"},"schema":{"@context":"https:\/\/schema.org","@graph":[{"@type":"WebPage","@id":"https:\/\/dbai.es\/politica-de-privacidad\/","url":"https:\/\/dbai.es\/politica-de-privacidad\/","name":"Pol\u00edtica de Privacidad - DBAI | Business Intelligence e Inteligencia Artificial para la Transformaci\u00f3n de Datos","isPartOf":{"@id":"https:\/\/dbai.es\/#website"},"datePublished":"2024-08-28T12:05:53+00:00","dateModified":"2025-11-24T16:10:48+00:00","breadcrumb":{"@id":"https:\/\/dbai.es\/politica-de-privacidad\/#breadcrumb"},"inLanguage":"en-GB","potentialAction":[{"@type":"ReadAction","target":["https:\/\/dbai.es\/politica-de-privacidad\/"]}]},{"@type":"BreadcrumbList","@id":"https:\/\/dbai.es\/politica-de-privacidad\/#breadcrumb","itemListElement":[{"@type":"ListItem","position":1,"name":"Portada","item":"https:\/\/dbai.es\/"},{"@type":"ListItem","position":2,"name":"Pol\u00edtica de Privacidad"}]},{"@type":"WebSite","@id":"https:\/\/dbai.es\/#website","url":"https:\/\/dbai.es\/","name":"DBAI | Business Intelligence e Inteligencia Artificial para la Transformaci\u00f3n de Datos","description":"En DBAI ayudamos a las empresas a convertir sus datos en decisiones estrat\u00e9gicas. Ofrecemos soluciones de BI, anal\u00edtica avanzada, modelos predictivos y aplicaciones de IA que optimizan la eficiencia y generan ventajas competitivas sostenibles.","potentialAction":[{"@type":"SearchAction","target":{"@type":"EntryPoint","urlTemplate":"https:\/\/dbai.es\/?s={search_term_string}"},"query-input":{"@type":"PropertyValueSpecification","valueRequired":true,"valueName":"search_term_string"}}],"inLanguage":"en-GB"}]}},"_links":{"self":[{"href":"https:\/\/dbai.es\/en\/wp-json\/wp\/v2\/pages\/3","targetHints":{"allow":["GET"]}}],"collection":[{"href":"https:\/\/dbai.es\/en\/wp-json\/wp\/v2\/pages"}],"about":[{"href":"https:\/\/dbai.es\/en\/wp-json\/wp\/v2\/types\/page"}],"author":[{"embeddable":true,"href":"https:\/\/dbai.es\/en\/wp-json\/wp\/v2\/users\/1"}],"replies":[{"embeddable":true,"href":"https:\/\/dbai.es\/en\/wp-json\/wp\/v2\/comments?post=3"}],"version-history":[{"count":8,"href":"https:\/\/dbai.es\/en\/wp-json\/wp\/v2\/pages\/3\/revisions"}],"predecessor-version":[{"id":368,"href":"https:\/\/dbai.es\/en\/wp-json\/wp\/v2\/pages\/3\/revisions\/368"}],"wp:attachment":[{"href":"https:\/\/dbai.es\/en\/wp-json\/wp\/v2\/media?parent=3"}],"curies":[{"name":"wp","href":"https:\/\/api.w.org\/{rel}","templated":true}]}}